{"id":43327,"date":"2013-08-19T23:38:36","date_gmt":"2013-08-19T23:38:36","guid":{"rendered":"https:\/\/rrdev.bracketserver.com\/nuestro-impacto\/"},"modified":"2024-10-17T10:38:09","modified_gmt":"2024-10-17T14:38:09","slug":"nuestro-impacto","status":"publish","type":"page","link":"https:\/\/rrdev.bracketserver.com\/es\/la-meta\/nuestro-impacto\/","title":{"rendered":"Nuestro Impacto"},"content":{"rendered":"<p><a href=\"https:\/\/rrdev.bracketserver.com\/es\/la-coalicion\/\">La Coalici\u00f3n<\/a> se enfoca estrat\u00e9gicamente en la complementaci\u00f3n y puesta en valor de iniciativas existentes. Al mismo tiempo garantiza que los representantes de la comunidad y las organizaciones ind\u00edgenas jueguen papeles importantes en la direcci\u00f3n y gobernanza de la Coalici\u00f3n. Cada a\u00f1o las actividades de la RRI se dise\u00f1an en respuesta a, y en apoyo de, los lugare\u00f1os y sus comunidades.<\/p>\n<p>La huella colectiva de <a href=\"\/the-coalition\/partners-collaborators\/\">los socios, las redes afiliadas y los colaboradores<\/a> de la RRI se refleja en importantes reformas de tenencia en Brasil, China e Indonesia; una mayor defensa de la tenencia en Asia Meridional, Am\u00e9rica Central y \u00c1frica Central y Occidental; una mayor sensibilizaci\u00f3n mundial respecto a la tenencia en todas las cuestiones relacionadas con REDD; unas mejores normas y pol\u00edticas de responsabilidad corporativa; y una movilizaci\u00f3n a favor de los derechos de las mujeres sobre los recursos naturales en \u00c1frica Central y Occidental. La familia de instituciones que forman parte de RRI tienen presente la tremenda cantidad de trabajo importante que todav\u00eda hay mucho por hacer en los bosques del mundo, y en favor de las personas y comunidades que habitan en ellos.<\/p>\n<p>Mira el mapa a continuaci\u00f3n para ver como RRI se enfoca en el desarrollo de manera distinta.<\/p>\n","protected":false},"excerpt":{"rendered":"<p>La Coalici\u00f3n se enfoca estrat\u00e9gicamente en la complementaci\u00f3n y puesta en valor de iniciativas existentes. Al mismo tiempo garantiza que los representantes de la comunidad&#8230;<\/p>\n","protected":false},"author":60,"featured_media":0,"parent":45971,"menu_order":0,"comment_status":"closed","ping_status":"closed","template":"template-master.php","meta":{"_acf_changed":false,"inline_featured_image":false,"_monsterinsights_skip_tracking":false,"_monsterinsights_sitenote_active":false,"_monsterinsights_sitenote_note":"","_monsterinsights_sitenote_category":0,"footnotes":""},"class_list":["post-43327","page","type-page","status-publish","hentry"],"acf":[],"aioseo_notices":[],"publishpress_future_action":{"enabled":false,"date":"2026-04-24 05:18:37","action":"change-status","newStatus":"draft","terms":[],"taxonomy":"keywords"},"publishpress_future_workflow_manual_trigger":{"enabledWorkflows":[]},"_links":{"self":[{"href":"https:\/\/rrdev.bracketserver.com\/es\/wp-json\/wp\/v2\/pages\/43327","targetHints":{"allow":["GET"]}}],"collection":[{"href":"https:\/\/rrdev.bracketserver.com\/es\/wp-json\/wp\/v2\/pages"}],"about":[{"href":"https:\/\/rrdev.bracketserver.com\/es\/wp-json\/wp\/v2\/types\/page"}],"author":[{"embeddable":true,"href":"https:\/\/rrdev.bracketserver.com\/es\/wp-json\/wp\/v2\/users\/60"}],"replies":[{"embeddable":true,"href":"https:\/\/rrdev.bracketserver.com\/es\/wp-json\/wp\/v2\/comments?post=43327"}],"version-history":[{"count":0,"href":"https:\/\/rrdev.bracketserver.com\/es\/wp-json\/wp\/v2\/pages\/43327\/revisions"}],"up":[{"embeddable":true,"href":"https:\/\/rrdev.bracketserver.com\/es\/wp-json\/wp\/v2\/pages\/45971"}],"wp:attachment":[{"href":"https:\/\/rrdev.bracketserver.com\/es\/wp-json\/wp\/v2\/media?parent=43327"}],"curies":[{"name":"wp","href":"https:\/\/api.w.org\/{rel}","templated":true}]}}