{"id":45968,"date":"2016-10-25T10:56:37","date_gmt":"2016-10-25T10:56:37","guid":{"rendered":"https:\/\/rrdev.bracketserver.com\/la-coalicion\/"},"modified":"2024-10-17T10:34:49","modified_gmt":"2024-10-17T14:34:49","slug":"la-coalicion","status":"publish","type":"page","link":"https:\/\/rrdev.bracketserver.com\/es\/la-meta\/la-coalicion\/","title":{"rendered":"La Coalici\u00f3n"},"content":{"rendered":"<h2 class=\"intro\">La Iniciativa para los Derechos y Recursos (RRI, por sus siglas en ingl\u00e9s) es una coalici\u00f3n mundial que se dedica a la reforma de las pol\u00edticas forestales y agrarias en \u00c1frica, Asia y Latinoam\u00e9rica.<\/h2>\n<div class=\"all-list\">\n<ul>\n<li style=\"list-style-type: none;\">\n<ul>\n<li><b>15<\/b>Socios<\/li>\n<li><b>7<\/b>Redes Afiliadas<\/li>\n<li><b>14<\/b>Miembros Internacionales Asociados<\/li>\n<li><b>200+<\/b>Organizaciones Colaboradoras<\/li>\n<\/ul>\n<\/li>\n<\/ul>\n<div class=\"clear\"><\/div>\n<div class=\"clear\"><\/div>\n<\/div>\n<p>La coalici\u00f3n de la RRI, dirigida por una serie de organizaciones comunitarias y representantes de pueblos ind\u00edgenas, est\u00e1 compuesta por una gran variedad de organizaciones, entre ellas organizaciones comunitarias y de pueblos ind\u00edgenas, centros de investigaci\u00f3n, organizaciones de asistencia para el desarrollo y grupos locales e internacionales defensa y derechos humanos. Nos dedicamos a analizar las tendencias mundiales en los campos de la tenencia forestal y los derechos sobre la tierra e informar sobre ellas, adem\u00e1s de dinamizar la coordinaci\u00f3n entre importantes interesados a todos los niveles: la sociedad civil local, inversores particulares, gobiernos y otros agentes del cambio influyentes, entre otros.<\/p>\n<p>Creemos firmemente que, cuando todas las principales partes interesadas en la tierra y los recursos se re\u00fanen, el aumento de la cooperaci\u00f3n, el entendimiento y el respeto que se obtiene trae consigo un avance demostrable en el reconocimiento de los derechos de las poblaciones locales que viven en las tierras y dependen de ellas.<\/p>\n<p>Obtenga m\u00e1s informaci\u00f3n sobre nuestro trabajo.<\/p>\n","protected":false},"excerpt":{"rendered":"<p>La Iniciativa para los Derechos y Recursos (RRI, por sus siglas en ingl\u00e9s) es una coalici\u00f3n mundial que se dedica a la reforma de las&#8230;<\/p>\n","protected":false},"author":60,"featured_media":50136,"parent":45971,"menu_order":0,"comment_status":"closed","ping_status":"closed","template":"\/rri-mapping-tool\/the-coalition\/template-the-coalition.php","meta":{"_acf_changed":false,"inline_featured_image":false,"_monsterinsights_skip_tracking":false,"_monsterinsights_sitenote_active":false,"_monsterinsights_sitenote_note":"","_monsterinsights_sitenote_category":0,"footnotes":""},"class_list":["post-45968","page","type-page","status-publish","has-post-thumbnail","hentry"],"acf":[],"aioseo_notices":[],"publishpress_future_action":{"enabled":false,"date":"2026-04-28 09:40:55","action":"change-status","newStatus":"draft","terms":[],"taxonomy":"keywords"},"publishpress_future_workflow_manual_trigger":{"enabledWorkflows":[]},"_links":{"self":[{"href":"https:\/\/rrdev.bracketserver.com\/es\/wp-json\/wp\/v2\/pages\/45968","targetHints":{"allow":["GET"]}}],"collection":[{"href":"https:\/\/rrdev.bracketserver.com\/es\/wp-json\/wp\/v2\/pages"}],"about":[{"href":"https:\/\/rrdev.bracketserver.com\/es\/wp-json\/wp\/v2\/types\/page"}],"author":[{"embeddable":true,"href":"https:\/\/rrdev.bracketserver.com\/es\/wp-json\/wp\/v2\/users\/60"}],"replies":[{"embeddable":true,"href":"https:\/\/rrdev.bracketserver.com\/es\/wp-json\/wp\/v2\/comments?post=45968"}],"version-history":[{"count":0,"href":"https:\/\/rrdev.bracketserver.com\/es\/wp-json\/wp\/v2\/pages\/45968\/revisions"}],"up":[{"embeddable":true,"href":"https:\/\/rrdev.bracketserver.com\/es\/wp-json\/wp\/v2\/pages\/45971"}],"wp:featuredmedia":[{"embeddable":true,"href":"https:\/\/rrdev.bracketserver.com\/es\/wp-json\/wp\/v2\/media\/50136"}],"wp:attachment":[{"href":"https:\/\/rrdev.bracketserver.com\/es\/wp-json\/wp\/v2\/media?parent=45968"}],"curies":[{"name":"wp","href":"https:\/\/api.w.org\/{rel}","templated":true}]}}