{"id":45971,"date":"2016-10-27T06:48:33","date_gmt":"2016-10-27T06:48:33","guid":{"rendered":"https:\/\/rrdev.bracketserver.com\/la-meta\/"},"modified":"2024-10-17T10:42:05","modified_gmt":"2024-10-17T14:42:05","slug":"la-meta","status":"publish","type":"page","link":"https:\/\/rrdev.bracketserver.com\/es\/la-meta\/","title":{"rendered":"Qui\u00e9nes somos"},"content":{"rendered":"<p>En su calidad de coalici\u00f3n diversa de organizaciones de desarrollo dedicadas a la promoci\u00f3n de los derechos de los pueblos ind\u00edgenas y las comunidades locales sobre la tierra y los recursos, la RRI ha propiciado la creaci\u00f3n y la implementaci\u00f3n de soluciones innovadoras para la seguridad de la tenencia de la tierra, con el fin de impulsar <strong>tres objetivos mundiales<\/strong>:<\/p>\n<ol>\n<li>Aumentar considerablemente la superficie forestal bajo propiedad y administraci\u00f3n local;<\/li>\n<li>Evitar cualquier cambio de la legislaci\u00f3n y normativa de los pa\u00edses que debilite los derechos consuetudinarios y estatutarios sobre la tierra de los pueblos ind\u00edgenas y las comunidades locales y fomentar simult\u00e1neamente nuevas leyes que reafirmen los derechos consuetudinarios y estatutarios;<\/li>\n<li>Reducir dr\u00e1sticamente la pobreza en las superficies boscosas del mundo.<\/li>\n<\/ol>\n<p>La RRI defiende como indicadores mundiales de progreso <strong>dos metas<\/strong> que se enmarcan en los Objetivos de Desarrollo Sostenible:<\/p>\n<ol>\n<li>Que para 2030 al menos un 50 % de la superficie forestal de los pa\u00edses de ingresos medios y bajos est\u00e9 bajo la propiedad de los pueblos ind\u00edgenas y las comunidades locales o haya sido designada para ellos;<\/li>\n<li>Que para 2030 los pueblos ind\u00edgenas y las comunidades locales tengan el derecho reconocido de gestionar, conservar, usar y comerciar con productos y servicios forestales en el 100 % de la superficie que est\u00e9 bajo su propiedad o haya sido designada para ellos.<\/li>\n<\/ol>\n<p><strong>M<\/strong><strong>isi\u00f3n:<\/strong> RRI apoya la lucha de las poblaciones locales e ind\u00edgenas contra la pobreza y la marginaci\u00f3n, mediante la promoci\u00f3n de un compromiso mundial y de acciones en pos de reformas pol\u00edticas, legislativas y de mercados para garantizar sus derechos a comprar, controlar y beneficiarse de los recursos naturales, en especial de las tierras y de los bosques.<\/p>\n<p><strong>Propuesta de valor:<\/strong> Con una inversi\u00f3n gradual limitada en la mejora de la coherencia y de la coordinaci\u00f3n, las organizaciones pueden aumentar en forma significativa su contribuci\u00f3n a los derechos, la dignidad y el desarrollo de las poblaciones dependientes de los bosques en todo el mundo, como tambi\u00e9n a la conservaci\u00f3n forestal y a un desarrollo econ\u00f3mico y social m\u00e1s justo.<\/p>\n<p>Aqui puede leer c\u00f3mo la RRI cuantifica el progreso realizado hacia el logro de estas metas.<\/p>\n","protected":false},"excerpt":{"rendered":"<p>En su calidad de coalici\u00f3n diversa de organizaciones de desarrollo dedicadas a la promoci\u00f3n de los derechos de los pueblos ind\u00edgenas y las comunidades locales&#8230;<\/p>\n","protected":false},"author":60,"featured_media":50104,"parent":0,"menu_order":0,"comment_status":"closed","ping_status":"closed","template":"template-master.php","meta":{"_acf_changed":false,"inline_featured_image":false,"_monsterinsights_skip_tracking":false,"_monsterinsights_sitenote_active":false,"_monsterinsights_sitenote_note":"","_monsterinsights_sitenote_category":0,"footnotes":""},"class_list":["post-45971","page","type-page","status-publish","has-post-thumbnail","hentry"],"acf":[],"aioseo_notices":[],"publishpress_future_action":{"enabled":false,"date":"2026-04-24 00:46:44","action":"change-status","newStatus":"draft","terms":[],"taxonomy":"keywords"},"publishpress_future_workflow_manual_trigger":{"enabledWorkflows":[]},"_links":{"self":[{"href":"https:\/\/rrdev.bracketserver.com\/es\/wp-json\/wp\/v2\/pages\/45971","targetHints":{"allow":["GET"]}}],"collection":[{"href":"https:\/\/rrdev.bracketserver.com\/es\/wp-json\/wp\/v2\/pages"}],"about":[{"href":"https:\/\/rrdev.bracketserver.com\/es\/wp-json\/wp\/v2\/types\/page"}],"author":[{"embeddable":true,"href":"https:\/\/rrdev.bracketserver.com\/es\/wp-json\/wp\/v2\/users\/60"}],"replies":[{"embeddable":true,"href":"https:\/\/rrdev.bracketserver.com\/es\/wp-json\/wp\/v2\/comments?post=45971"}],"version-history":[{"count":0,"href":"https:\/\/rrdev.bracketserver.com\/es\/wp-json\/wp\/v2\/pages\/45971\/revisions"}],"wp:featuredmedia":[{"embeddable":true,"href":"https:\/\/rrdev.bracketserver.com\/es\/wp-json\/wp\/v2\/media\/50104"}],"wp:attachment":[{"href":"https:\/\/rrdev.bracketserver.com\/es\/wp-json\/wp\/v2\/media?parent=45971"}],"curies":[{"name":"wp","href":"https:\/\/api.w.org\/{rel}","templated":true}]}}