{"id":60254,"date":"2022-12-04T19:05:14","date_gmt":"2022-12-05T00:05:14","guid":{"rendered":"https:\/\/rrdev.bracketserver.com\/?page_id=60254"},"modified":"2022-12-04T19:05:14","modified_gmt":"2022-12-05T00:05:14","slug":"p2s-evento-cop15","status":"publish","type":"page","link":"https:\/\/rrdev.bracketserver.com\/es\/p2s-evento-cop15\/","title":{"rendered":"Financiaci\u00f3n de soluciones clim\u00e1ticas y de conservaci\u00f3n basadas en los derechos"},"content":{"rendered":"","protected":false},"excerpt":{"rendered":"","protected":false},"author":82,"featured_media":0,"parent":0,"menu_order":0,"comment_status":"closed","ping_status":"closed","template":"template-master.php","meta":{"_acf_changed":false,"inline_featured_image":false,"_monsterinsights_skip_tracking":false,"_monsterinsights_sitenote_active":false,"_monsterinsights_sitenote_note":"","_monsterinsights_sitenote_category":0,"footnotes":""},"class_list":["post-60254","page","type-page","status-publish","hentry","keywords-africa-keyword-es-by-region-es","keywords-latin-america-keyword-es-by-region-es","keywords-asia-keyword-es-by-region-es","keywords-indigenous-peoples-es","keywords-local-communities-es","keywords-private-sector-engagement-keyword-es-by-issue-es"],"acf":[],"aioseo_notices":[],"publishpress_future_action":{"enabled":false,"date":"2026-04-25 02:05:52","action":"change-status","newStatus":"draft","terms":[],"taxonomy":"keywords"},"publishpress_future_workflow_manual_trigger":{"enabledWorkflows":[]},"_links":{"self":[{"href":"https:\/\/rrdev.bracketserver.com\/es\/wp-json\/wp\/v2\/pages\/60254","targetHints":{"allow":["GET"]}}],"collection":[{"href":"https:\/\/rrdev.bracketserver.com\/es\/wp-json\/wp\/v2\/pages"}],"about":[{"href":"https:\/\/rrdev.bracketserver.com\/es\/wp-json\/wp\/v2\/types\/page"}],"author":[{"embeddable":true,"href":"https:\/\/rrdev.bracketserver.com\/es\/wp-json\/wp\/v2\/users\/82"}],"replies":[{"embeddable":true,"href":"https:\/\/rrdev.bracketserver.com\/es\/wp-json\/wp\/v2\/comments?post=60254"}],"version-history":[{"count":0,"href":"https:\/\/rrdev.bracketserver.com\/es\/wp-json\/wp\/v2\/pages\/60254\/revisions"}],"wp:attachment":[{"href":"https:\/\/rrdev.bracketserver.com\/es\/wp-json\/wp\/v2\/media?parent=60254"}],"curies":[{"name":"wp","href":"https:\/\/api.w.org\/{rel}","templated":true}]}}