{"id":43361,"date":"2013-08-26T19:27:47","date_gmt":"2013-08-26T19:27:47","guid":{"rendered":"https:\/\/rrdev.bracketserver.com\/amerique-latine\/"},"modified":"2022-01-26T10:47:03","modified_gmt":"2022-01-26T15:47:03","slug":"amerique-latine","status":"publish","type":"page","link":"https:\/\/rrdev.bracketserver.com\/fr\/ou-nous-intervenons\/amerique-latine\/","title":{"rendered":"Am\u00e9rique latine"},"content":{"rendered":"<p>Dans certains pays de la r\u00e9gion, la mise en \u0153uvre de politiques fonci\u00e8res continue de repr\u00e9senter un d\u00e9fi, tandis que les nouvelles politiques empi\u00e8tent sur certains droits fonciers et forestiers au profit des industries agricoles et extractives.<\/p>\n<p>La coop\u00e9ration r\u00e9gionale entre les pays latinoam\u00e9ricains constitue une strat\u00e9gie efficace pour exercer une influence sur les d\u00e9cideurs en vue de contrecarrer ce recul des droits et de favoriser leur exercice.\u00a0RRI met l&rsquo;accent sur le renforcement des droits collectifs des peuples autochtones, afro-descendants et des communaut\u00e9s foresti\u00e8res locales dans la r\u00e9gion, tout en contribuant \u00e0 de profondes r\u00e9formes juridiques.<\/p>\n<p>Depuis 2012, la Coalition a mis l&rsquo;accent en particulier sur les droits des femmes autochtones et ceux des descendants d&rsquo;Africains, qui font face aujourd\u2019hui encore \u00e0 des politiques inad\u00e9quates de tenure fonci\u00e8re et qui ignore g\u00e9n\u00e9ralement l&rsquo;importance de l&rsquo;acc\u00e8s des femmes \u00e0 la terre et les exclues des processus de prise de d\u00e9cision.<\/p>\n<p>RRI soutient activement la coordination et le partage d\u2019informations entre les groupes de femmes de la r\u00e9gion, de fa\u00e7on \u00e0 faire progresser leurs droits dans les r\u00e9formes politiques nationales et les dialogues r\u00e9gionaux. L\u2019Initiative appuie \u00e9galement les efforts d\u2019att\u00e9nuation des changements climatiques et d\u2019adaptation.<\/p>\n<p>En savoir davantage sur nos travaux au P\u00e9rou et en Colombie ci-dessous.<\/p>\n<div id=\"fullAccordion\" style=\"margin: 40px 0 0 0; float: left;\">\n<ul class=\"resp-tabs-list\">\n<li>Colombie<\/li>\n<li>P\u00e9rou<\/li>\n<\/ul>\n<div class=\"resp-tabs-container\">\n<div>\n<h3>Contexte historique<\/h3>\n<p><strong>La Colombie a pris des mesures importantes en faveur de la reconnaissance des droits des communaut\u00e9s autochtones et locales.<\/strong> En 2014, le pays a adopt\u00e9 des d\u00e9crets constitutionnels donnant aux communaut\u00e9s autochtones une plus grande autonomie de gestion de leurs syst\u00e8mes \u00e9ducatifs, de sant\u00e9 et d\u2019eau potable. L\u2019\u00c9tat a \u00e9galement \u00e9tabli des m\u00e9canismes juridiques pour assurer le respect de leurs droits sur leurs terres ancestrales. Apr\u00e8s 50 ann\u00e9es de conflit interne, le gouvernement est en train de conclure des accords de paix pr\u00e9voyant la distribution de 20 millions d\u2019hectares de terres aux communaut\u00e9s paysannes.<\/p>\n<h3>Fen\u00eatre d\u2019opportunit\u00e9 et action men\u00e9e par RRI pour susciter le changement<\/h3>\n<p><strong>RRI apporte son soutien aux nouvelles mesures sur la reconnaissance des droits.<\/strong> Les Collaborateurs de RRI et des organisations de la soci\u00e9t\u00e9 civile ont plaid\u00e9 avec succ\u00e8s l\u2019inclusion de dispositions dans le nouveau Plan de d\u00e9veloppement national dans le but de cr\u00e9er une politique publique compl\u00e8te sur l\u2019acc\u00e8s des femmes rurales et des femmes de mani\u00e8re g\u00e9n\u00e9rale \u00e0 la terre. Les organisations de femmes \u2014 aux c\u00f4t\u00e9s des organisations paysannes, autochtones et afrocolombiennes \u2014 travaillent maintenant avec le Conseiller pr\u00e9sidentiel sur l\u2019\u00e9quit\u00e9 entre les sexes pour s\u2019assurer que les mesures soient appliqu\u00e9es sur le terrain.<\/p>\n<\/div>\n<div>\n<h3>Contexte historique<\/h3>\n<p><strong>Au P\u00e9rou, les peuples autochtones sont menac\u00e9s par le recul de leurs droits.<\/strong> Pr\u00e8s de 35 % du territoire national appartient aux peuples autochtones et aux communaut\u00e9s locales, ou sont sous leur responsabilit\u00e9. Leurs contributions au d\u00e9veloppement durable et \u00e0 l\u2019att\u00e9nuation des changements climatiques sont particuli\u00e8rement importantes, \u00e9tant donn\u00e9 que le P\u00e9rou compte l\u2019une des superficies de for\u00eat amazonienne les plus vastes apr\u00e8s le Br\u00e9sil. Selon l\u2019AIDESEP, en Am\u00e9rique latine, le P\u00e9rou est le pays qui dispose de la surface la plus importante de terres foresti\u00e8res o\u00f9 habitent des communaut\u00e9s non reconnues, \u00e0 savoir 20 millions d\u2019hectares. Toutefois, l\u2019\u00c9tat s\u2019est employ\u00e9 \u00e0 venir en aide \u00e0 une \u00e9conomie p\u00e9ruvienne en difficult\u00e9, notamment en adoptant cinq s\u00e9ries de lois, les \u00ab <em>paquetazos<\/em> \u00bb, qui favorisent les concessions et simplifient les exigences sociales et environnementales li\u00e9es au transfert de la terre aux investisseurs priv\u00e9s.<\/p>\n<h3>Fen\u00eatre d\u2019opportunit\u00e9 et action men\u00e9e par RRI pour susciter le changement<\/h3>\n<p><strong>RRI \u0153uvre pour garantir les droits fonciers des peuples autochtones et des communaut\u00e9s locales.<\/strong> Gr\u00e2ce \u00e0 notre soutien, en 2014, AIDESEP a r\u00e9ussi \u00e0 faire inscrire dans le programme du gouvernement la proposition de cr\u00e9ation de quatre nouvelles r\u00e9serves pour les peuples autochtones en situation d\u2019isolement volontaire ou de contact initial, ainsi que celle de changement de cat\u00e9gorie de cinq r\u00e9serves territoriales existantes. En mai 2016, trois de ces r\u00e9serves territoriales sont devenues des r\u00e9serves autochtones, mettant ainsi terme \u00e0 un processus de plus de dix ans.\u00a0Bien que le nouveau gouvernement n&rsquo;ai montr\u00e9 aucun int\u00e9r\u00eat \u00e0 donner la priorit\u00e9 aux pr\u00e9occupations des autochtones, un consensus international sur le r\u00f4le de la s\u00e9curit\u00e9 fonci\u00e8re des peuples autochtones peut pousser le gouvernement \u00e0 respecter ses engagements.<\/p>\n<p><strong>De nouvelles perspectives sont apparues apr\u00e8s la signature d\u2019accords entre le P\u00e9rou et des bailleurs de fonds internationaux.<\/strong> La mobilisation des peuples autochtones en mati\u00e8re de REDD+ et de changement climatique a ranim\u00e9 l\u2019int\u00e9r\u00eat des donateurs et accru l\u2019engagement de l\u2019\u00c9tat. Ces accords comprennent le Programme d\u2019investissement forestier de la Banque mondiale, qui en ait toujours \u00e0 la phase pr\u00e9paratoire de la mise en \u0153uvre, et qui pr\u00e9voit d\u2019allouer 7 millions de dollars am\u00e9ricains \u00e0 l\u2019accession des peuples autochtones \u00e0 la propri\u00e9t\u00e9 de leurs terres ancestrales. L\u2019\u00c9tat p\u00e9ruvien a \u00e9galement sign\u00e9 un accord avec la Norv\u00e8ge et l\u2019Allemagne relatif au march\u00e9 du carbone, qui pourrait donner lieu \u00e0 la cr\u00e9ation d\u2019une plateforme favorable au renforcement des droits fonciers communautaires. La Coalition RRI au P\u00e9rou \u0153uvre pour pr\u00e9venir le recul des droits fonciers en pla\u00e7ant la s\u00e9curit\u00e9 fonci\u00e8re au centre des d\u00e9bats nationaux et internationaux.<\/p>\n<\/div>\n<\/div>\n<\/div>\n<div class=\"clear\"><\/div>\n<div class=\"blue-bg-full\">\n<div id=\"icon-container\">\n<div class=\"partners-logos m-all t-all d-3of4\">\n<h3>Partenaires d&rsquo;Am\u00e9rique latine<\/h3>\n<div class=\"brd\">\n<ul>\n<li class=\"individual-logos\">\n<div class=\"front-page-logo num-2\" style=\"width: 100%;\"><img decoding=\"async\" class=\"blackAndWhiteHover\" src=\"https:\/\/rrdev.bracketserver.com\/wp-content\/uploads\/partner-logos\/Partner_CIFOR.png\" alt=\"Center for International Forestry Research (CIFOR)\" \/><\/div>\n<\/li>\n<li class=\"individual-logos\">\n<div class=\"front-page-logo num-5\" style=\"width: 100%;\"><img decoding=\"async\" class=\"blackAndWhiteHover\" src=\"https:\/\/rrdev.bracketserver.com\/wp-content\/uploads\/partner-logos\/Partner_Forest-Peoples-Programme.png\" alt=\"Forest Peoples Programme\" \/><\/div>\n<\/li>\n<li class=\"individual-logos\">\n<div class=\"front-page-logo num-6\" style=\"width: 100%;\"><img decoding=\"async\" class=\"blackAndWhiteHover\" src=\"https:\/\/rrdev.bracketserver.com\/wp-content\/uploads\/partner-logos\/Partner_Forest Trends.png\" alt=\"Forest Trends\" \/><\/div>\n<\/li>\n<li class=\"individual-logos\">\n<div class=\"front-page-logo num-7\" style=\"width: 100%;\"><img decoding=\"async\" class=\"blackAndWhiteHover\" src=\"https:\/\/rrdev.bracketserver.com\/wp-content\/uploads\/partner-logos\/Partner_Helvetas.png\" alt=\"HELVETAS Swiss Intercooperation\" \/><\/div>\n<\/li>\n<li class=\"individual-logos\">\n<div class=\"front-page-logo num-9\" style=\"width: 100%;\"><img decoding=\"async\" class=\"blackAndWhiteHover\" src=\"https:\/\/rrdev.bracketserver.com\/wp-content\/uploads\/partner-logos\/Partner_ISA.png\" alt=\"Instituto Socioambiental\" \/><\/div>\n<\/li>\n<li class=\"individual-logos\">\n<div class=\"front-page-logo num-11\" style=\"width: 100%;\"><img decoding=\"async\" class=\"blackAndWhiteHover\" src=\"https:\/\/rrdev.bracketserver.com\/wp-content\/uploads\/partner-logos\/Partner_Prisma.png\" alt=\"PRISMA\" \/><\/div>\n<\/li>\n<\/ul>\n<\/div>\n<\/div>\n<div class=\"affiliated-logos m-all t-all d-1of4 last-col\">\n<h3>R\u00e9seaux Affili\u00e9s d&rsquo;Am\u00e9rique latine<\/h3>\n<ul>\n<li class=\"individual-logos\">\n<div class=\"front-page-logo num-17\" style=\"width: 100%;\"><img decoding=\"async\" class=\"blackAndWhiteHover\" src=\"https:\/\/rrdev.bracketserver.com\/wp-content\/uploads\/partner-logos\/Affiliated Network_AMPB.png\" alt=\"Alianza Mesoamericana de Pueblos y Bosques\" \/><\/div>\n<\/li>\n<li class=\"individual-logos\">\n<div class=\"front-page-logo num-18a\" style=\"width: 100%;\"><img decoding=\"async\" class=\"blackAndWhiteHover\" src=\"https:\/\/rrdev.bracketserver.com\/wp-content\/uploads\/partner-logos\/COICA_Affiliated Network.png\" alt=\"Coordinator of Indigenous Organizations of the Amazon River Basin\" \/><\/div>\n<\/li>\n<li class=\"individual-logos\">\n<div class=\"front-page-logo num-18\" style=\"width: 100%;\"><img decoding=\"async\" class=\"blackAndWhiteHover\" src=\"https:\/\/rrdev.bracketserver.com\/wp-content\/uploads\/partner-logos\/Affiliated Network_IASC.png\" alt=\"The International Association for the Study of the Commons\" \/><\/div>\n<\/li>\n<\/ul>\n<\/div>\n<\/div>\n<div class=\"clear\"><\/div>\n<div class=\"regions-collab\">\n<h3>Collaborateurs d&rsquo;Am\u00e9rique latine<\/h3>\n<div class=\"m-all t-1of2 d-1of2\">\n<ul>\n<li>Asociaci\u00f3n Ambiente y Sociedad<\/li>\n<li>Asociaci\u00f3n de Comunidades Forestales de Pet\u00e9n (ACOFOP)<\/li>\n<li>Asociaci\u00f3n de Forestar\u00eda Comunitaria de Guatemala Ut\u2019z Che\u2019<\/li>\n<li>Asociaci\u00f3n Inter\u00e9tnica de Desarrollo de la Selva Peruana (AIDESEP)<\/li>\n<li>Asociaci\u00f3n para contribuir a mejorar la Gobernanza de la Tierra, del Agua y de los Recursos Naturales (aGter)<\/li>\n<li>Association for Environment and Society<\/li>\n<li>Autoridad Nacional Afrocolombiana (ANAFRO)<\/li>\n<li>Centro de Estudios Jur\u00eddicos e Investigaci\u00f3n Social (CEJIS)<\/li>\n<li>Centro de Estudios para el Desarrollo Laboral y Agrario (CEDLA)<\/li>\n<li>Centro Peruano de Estudios Sociales (CEPES)<\/li>\n<li>Confederaci\u00f3n Campesina del Per\u00fa (CCP)<\/li>\n<li>Confederaci\u00f3n de Pueblos Indigenas de Bolivia<\/li>\n<li>Confederaci\u00f3n de Nacionalidades Amaz\u00f3nicas del Per\u00fa (CONAP)<\/li>\n<li>Confederaci\u00f3n Nacional Agraria (CNA)<\/li>\n<li>Consejo Civil Mexicano para la Silvicultura Sostenible (CCMSS)<\/li>\n<li>Coordinadora de Asociaciones y Comunidades para el Desarrollo Integral de la Regi\u00f3n Ch&rsquo;orti&rsquo; (COMUNDICH)<\/li>\n<li>Coordinadora Nacional de Pueblos Ind\u00edgenas de Panam\u00e1 (CONAPIP)<\/li>\n<li>Derecho Ambiente y Recursos Naturales (DAR)<\/li>\n<li>El Instituto de Investigaci\u00f3n y Desarrollo Nitlapan (NITLAPAN)<\/li>\n<\/ul>\n<\/div>\n<div class=\"m-all t-1of2 d-1of2\">\n<ul>\n<li>Federaci\u00f3n Departamental de Mujeres Campesinas de Cundinamarca (Fedemucc)<\/li>\n<li>Foro Inter\u00e9tnico Solidaridad Choco (FISCH)<\/li>\n<li>Fundaci\u00f3n Maya (Fundamaya)<\/li>\n<li>Instituto del Bien Com\u00fan (IBC)<\/li>\n<li>Instituto Latinoamericano para una Sociedad y un Derecho Alternativos (ILSA)<\/li>\n<li>Instituto Para el Hombre, Agricultura y Ecolog\u00eda (IPHAE)<\/li>\n<li>IUCN<\/li>\n<li>La Confederaci\u00f3n Nacional de Mujeres Ind\u00edgenas de Bolivia<\/li>\n<li>Liga de Defensa del Medio Ambiente (LIDEMA)<\/li>\n<li>Mesa de Incidencia Pol\u00edtica de las Mujeres Rurales Colombianas<\/li>\n<li>Proceso Comunidades Negras (PCN)<\/li>\n<li>Programa de Estudios Rurales y Territoriales, Universidad de San Carlos (PERT-FAUSAC)<\/li>\n<li>Observatorio de Territorios \u00c9tnicos y Campesinos, Pontificia Universidad Javeriana<\/li>\n<li>Organizaci\u00f3n Nacional de los Pueblos Ind\u00edgenas de la Amazonia Colombiana (OPIAC)<\/li>\n<li>Organizaci\u00f3n Nacional de Mujeres Andinas y Amaz\u00f3nicas del Per\u00fa (ONAMIAP)<\/li>\n<li>Organizaci\u00f3n Nacional Ind\u00edgena de Colombia (ONIC)<\/li>\n<li>Resguardo Ind\u00edgena Arhuaco<\/li>\n<li>Sociedad Peruana de Derecho Ambiental (SPDA)<\/li>\n<\/ul>\n<\/div>\n<\/div>\n<div class=\"clear\"><\/div>\n<\/div>\n","protected":false},"excerpt":{"rendered":"<p>Dans certains pays de la r\u00e9gion, la mise en \u0153uvre de politiques fonci\u00e8res continue de repr\u00e9senter un d\u00e9fi, tandis que les nouvelles politiques empi\u00e8tent sur&#8230;<\/p>\n","protected":false},"author":60,"featured_media":0,"parent":53215,"menu_order":0,"comment_status":"closed","ping_status":"closed","template":"template-master.php","meta":{"_acf_changed":false,"inline_featured_image":false,"_monsterinsights_skip_tracking":false,"_monsterinsights_sitenote_active":false,"_monsterinsights_sitenote_note":"","_monsterinsights_sitenote_category":0,"footnotes":""},"class_list":["post-43361","page","type-page","status-publish","hentry"],"acf":[],"aioseo_notices":[],"publishpress_future_action":{"enabled":false,"date":"2026-04-24 05:19:12","action":"change-status","newStatus":"draft","terms":[],"taxonomy":"keywords"},"publishpress_future_workflow_manual_trigger":{"enabledWorkflows":[]},"_links":{"self":[{"href":"https:\/\/rrdev.bracketserver.com\/fr\/wp-json\/wp\/v2\/pages\/43361","targetHints":{"allow":["GET"]}}],"collection":[{"href":"https:\/\/rrdev.bracketserver.com\/fr\/wp-json\/wp\/v2\/pages"}],"about":[{"href":"https:\/\/rrdev.bracketserver.com\/fr\/wp-json\/wp\/v2\/types\/page"}],"author":[{"embeddable":true,"href":"https:\/\/rrdev.bracketserver.com\/fr\/wp-json\/wp\/v2\/users\/60"}],"replies":[{"embeddable":true,"href":"https:\/\/rrdev.bracketserver.com\/fr\/wp-json\/wp\/v2\/comments?post=43361"}],"version-history":[{"count":0,"href":"https:\/\/rrdev.bracketserver.com\/fr\/wp-json\/wp\/v2\/pages\/43361\/revisions"}],"up":[{"embeddable":true,"href":"https:\/\/rrdev.bracketserver.com\/fr\/wp-json\/wp\/v2\/pages\/53215"}],"wp:attachment":[{"href":"https:\/\/rrdev.bracketserver.com\/fr\/wp-json\/wp\/v2\/media?parent=43361"}],"curies":[{"name":"wp","href":"https:\/\/api.w.org\/{rel}","templated":true}]}}