{"id":43460,"date":"2013-08-27T21:21:30","date_gmt":"2013-08-27T21:21:30","guid":{"rendered":"https:\/\/rrdev.bracketserver.com\/offres-demploi\/"},"modified":"2024-04-04T14:12:31","modified_gmt":"2024-04-04T18:12:31","slug":"offres-demploi","status":"publish","type":"page","link":"https:\/\/rrdev.bracketserver.com\/fr\/offres-demploi\/","title":{"rendered":"Offres d&rsquo;Emploi"},"content":{"rendered":"<h2 class=\"intro\">D\u00e9sol\u00e9, cette page du site web est seulement disponible en <a href=\"https:\/\/rrdev.bracketserver.com\/current-openings\/\">anglais am\u00e9ricain.<\/a><\/h2>\n","protected":false},"excerpt":{"rendered":"<p>D\u00e9sol\u00e9, cette page du site web est seulement disponible en anglais am\u00e9ricain.<\/p>\n","protected":false},"author":60,"featured_media":50107,"parent":0,"menu_order":0,"comment_status":"closed","ping_status":"closed","template":"page-current-openings.php","meta":{"_acf_changed":false,"inline_featured_image":false,"_monsterinsights_skip_tracking":false,"_monsterinsights_sitenote_active":false,"_monsterinsights_sitenote_note":"","_monsterinsights_sitenote_category":0,"footnotes":""},"class_list":["post-43460","page","type-page","status-publish","has-post-thumbnail","hentry"],"acf":[],"aioseo_notices":[],"publishpress_future_action":{"enabled":false,"date":"2026-04-24 21:26:40","action":"change-status","newStatus":"draft","terms":[],"taxonomy":"keywords"},"publishpress_future_workflow_manual_trigger":{"enabledWorkflows":[]},"_links":{"self":[{"href":"https:\/\/rrdev.bracketserver.com\/fr\/wp-json\/wp\/v2\/pages\/43460","targetHints":{"allow":["GET"]}}],"collection":[{"href":"https:\/\/rrdev.bracketserver.com\/fr\/wp-json\/wp\/v2\/pages"}],"about":[{"href":"https:\/\/rrdev.bracketserver.com\/fr\/wp-json\/wp\/v2\/types\/page"}],"author":[{"embeddable":true,"href":"https:\/\/rrdev.bracketserver.com\/fr\/wp-json\/wp\/v2\/users\/60"}],"replies":[{"embeddable":true,"href":"https:\/\/rrdev.bracketserver.com\/fr\/wp-json\/wp\/v2\/comments?post=43460"}],"version-history":[{"count":0,"href":"https:\/\/rrdev.bracketserver.com\/fr\/wp-json\/wp\/v2\/pages\/43460\/revisions"}],"wp:featuredmedia":[{"embeddable":true,"href":"https:\/\/rrdev.bracketserver.com\/fr\/wp-json\/wp\/v2\/media\/50107"}],"wp:attachment":[{"href":"https:\/\/rrdev.bracketserver.com\/fr\/wp-json\/wp\/v2\/media?parent=43460"}],"curies":[{"name":"wp","href":"https:\/\/api.w.org\/{rel}","templated":true}]}}