{"id":846,"date":"2024-05-29T12:49:28","date_gmt":"2024-05-29T12:49:28","guid":{"rendered":"https:\/\/rrdev.bracketserver.com\/livelihoods\/mi-curso\/resources\/"},"modified":"2024-06-20T18:33:45","modified_gmt":"2024-06-20T18:33:45","slug":"resources","status":"publish","type":"page","link":"https:\/\/rrdev.bracketserver.com\/livelihoods\/es\/mi-curso\/resources\/","title":{"rendered":"Recursos"},"content":{"rendered":"<section class=\"hero hero--simple\" data-waypoint=\".1\">\r\n  <div class=\"hero__background\">\r\n    <div class=\"container medium\">\r\n      <div class=\"hero__content\">\r\n        <h1 class=\"hero__title\">Recursos<\/h1> \r\n      <\/div>\r\n    <\/div>\r\n  <\/div>\r\n<\/section>\r\n\r\n<section class=\"language-content middle-margin\" data-waypoint=\"0.25\">\r\n  <div class=\"container medium\">\r\n      <div class=\"language-content__grid\">\r\n        <ul class=\"header-language\">\r\n          \n<div class=\"wpml-ls-statics-shortcode_actions wpml-ls wpml-ls-legacy-list-horizontal\">\n\t<ul><li class=\"wpml-ls-slot-shortcode_actions wpml-ls-item wpml-ls-item-en wpml-ls-first-item wpml-ls-item-legacy-list-horizontal\">\n\t\t\t\t<a href=\"https:\/\/rrdev.bracketserver.com\/livelihoods\/\" class=\"wpml-ls-link\">\n                    <span class=\"wpml-ls-display\">EN<\/span><\/a>\n\t\t\t<\/li><li class=\"wpml-ls-slot-shortcode_actions wpml-ls-item wpml-ls-item-fr wpml-ls-item-legacy-list-horizontal\">\n\t\t\t\t<a href=\"https:\/\/rrdev.bracketserver.com\/livelihoods\/fr\/\" class=\"wpml-ls-link\">\n                    <span class=\"wpml-ls-display\">FR<\/span><\/a>\n\t\t\t<\/li><li class=\"wpml-ls-slot-shortcode_actions wpml-ls-item wpml-ls-item-es wpml-ls-current-language wpml-ls-item-legacy-list-horizontal\">\n\t\t\t\t<a href=\"https:\/\/rrdev.bracketserver.com\/livelihoods\/es\/\" class=\"wpml-ls-link\">\n                    <span class=\"wpml-ls-native\">ES<\/span><\/a>\n\t\t\t<\/li><li class=\"wpml-ls-slot-shortcode_actions wpml-ls-item wpml-ls-item-ne wpml-ls-last-item wpml-ls-item-legacy-list-horizontal\">\n\t\t\t\t<a href=\"https:\/\/rrdev.bracketserver.com\/livelihoods\/ne\/\" class=\"wpml-ls-link\">\n                    <span class=\"wpml-ls-display\">NP<\/span><\/a>\n\t\t\t<\/li><\/ul>\n<\/div>\n        <\/ul>\r\n      <\/div>\r\n  <\/div>\r\n<\/section>\n\n\r\n\r\n<section class=\"block-title-solid\" id=\"block_7ef365a08c57602b9a79e93432d94cb7\" data-waypoint=\".25\">\r\n    <div class=\"container medium\">\r\n        <div class=\"content\">\r\n            <h2 class=\"title\">C\u00f3mo Utilizar Herramientas Gratuitas En L\u00ednea Para Traducir Material<\/h2> \r\n        <\/div>\r\n    <\/div>\r\n<\/section>\r\n \r\n\n\n\r\n\r\n<section class=\"block-copy-text\" data-waypoint=\".25\">\r\n    <div class=\"container medium\">\r\n                    <div class=\"block-copy-text__content\">\r\n                <div class=\"text\"><p><strong>YouTube: Activar subt\u00edtulos o traducci\u00f3n autom\u00e1tica<\/strong><\/p>\n<p><img loading=\"lazy\" decoding=\"async\" class=\"alignnone  wp-image-1980\" src=\"https:\/\/rrdev.bracketserver.com\/livelihoods\/wp-content\/uploads\/2024\/06\/Youtube-subtitles-3-1-1200x680.jpg\" alt=\"\" width=\"723\" height=\"410\" srcset=\"https:\/\/rrdev.bracketserver.com\/livelihoods\/wp-content\/uploads\/2024\/06\/Youtube-subtitles-3-1-1200x680.jpg 1200w, https:\/\/rrdev.bracketserver.com\/livelihoods\/wp-content\/uploads\/2024\/06\/Youtube-subtitles-3-1-600x340.jpg 600w, https:\/\/rrdev.bracketserver.com\/livelihoods\/wp-content\/uploads\/2024\/06\/Youtube-subtitles-3-1-768x435.jpg 768w, https:\/\/rrdev.bracketserver.com\/livelihoods\/wp-content\/uploads\/2024\/06\/Youtube-subtitles-3-1.jpg 1328w\" sizes=\"auto, (max-width: 723px) 100vw, 723px\" \/><\/p>\n<p><img loading=\"lazy\" decoding=\"async\" class=\"alignnone wp-image-1897\" src=\"https:\/\/rrdev.bracketserver.com\/livelihoods\/wp-content\/uploads\/2024\/06\/Youtube-subtitles-2.jpg\" alt=\"\" width=\"740\" height=\"458\" srcset=\"https:\/\/rrdev.bracketserver.com\/livelihoods\/wp-content\/uploads\/2024\/06\/Youtube-subtitles-2.jpg 1175w, https:\/\/rrdev.bracketserver.com\/livelihoods\/wp-content\/uploads\/2024\/06\/Youtube-subtitles-2-600x371.jpg 600w, https:\/\/rrdev.bracketserver.com\/livelihoods\/wp-content\/uploads\/2024\/06\/Youtube-subtitles-2-768x475.jpg 768w\" sizes=\"auto, (max-width: 740px) 100vw, 740px\" \/><\/p>\n<p>Es posible que algunos videos requieran habilitar la \u00abtraducci\u00f3n autom\u00e1tica\u00bb al idioma de su elecci\u00f3n (si el anfitri\u00f3n del video no proporciona los subt\u00edtulos). Para habilitar la traducci\u00f3n autom\u00e1tica, debe:<\/p>\n<ul>\n<li>Primero active el idioma de generaci\u00f3n autom\u00e1tica (para el idioma original del video)<\/li>\n<li>luego regrese a la configuraci\u00f3n de subt\u00edtulos y seleccione traducir autom\u00e1ticamente<\/li>\n<li>seleccione el idioma de su elecci\u00f3n<\/li>\n<\/ul>\n<p><img loading=\"lazy\" decoding=\"async\" class=\"alignnone  wp-image-1991\" src=\"https:\/\/rrdev.bracketserver.com\/livelihoods\/wp-content\/uploads\/2024\/06\/Auto-Translate-image.png\" alt=\"\" width=\"620\" height=\"354\" srcset=\"https:\/\/rrdev.bracketserver.com\/livelihoods\/wp-content\/uploads\/2024\/06\/Auto-Translate-image.png 1006w, https:\/\/rrdev.bracketserver.com\/livelihoods\/wp-content\/uploads\/2024\/06\/Auto-Translate-image-600x342.png 600w, https:\/\/rrdev.bracketserver.com\/livelihoods\/wp-content\/uploads\/2024\/06\/Auto-Translate-image-768x438.png 768w\" sizes=\"auto, (max-width: 620px) 100vw, 620px\" \/><\/p>\n<p><img loading=\"lazy\" decoding=\"async\" class=\"alignnone  wp-image-1987\" src=\"https:\/\/rrdev.bracketserver.com\/livelihoods\/wp-content\/uploads\/2024\/06\/Auto-Translate-2.jpg\" alt=\"\" width=\"614\" height=\"339\" srcset=\"https:\/\/rrdev.bracketserver.com\/livelihoods\/wp-content\/uploads\/2024\/06\/Auto-Translate-2.jpg 1017w, https:\/\/rrdev.bracketserver.com\/livelihoods\/wp-content\/uploads\/2024\/06\/Auto-Translate-2-600x331.jpg 600w, https:\/\/rrdev.bracketserver.com\/livelihoods\/wp-content\/uploads\/2024\/06\/Auto-Translate-2-768x424.jpg 768w\" sizes=\"auto, (max-width: 614px) 100vw, 614px\" \/><\/p>\n<p>&nbsp;<\/p>\n<p><strong>Utilizar Deepl o Google Translate para traducir textos de forma gratuita<\/strong><\/p>\n<p><a href=\"https:\/\/www.deepl.com\">https:\/\/www.deepl.com<\/a><\/p>\n<p><a href=\"https:\/\/translate.google.com\">https:\/\/translate.google.com<\/a><\/p>\n<p><img loading=\"lazy\" decoding=\"async\" class=\"alignnone wp-image-1904\" src=\"https:\/\/rrdev.bracketserver.com\/livelihoods\/wp-content\/uploads\/2024\/06\/Deepl-instructions-2-1200x705.png\" alt=\"\" width=\"728\" height=\"428\" srcset=\"https:\/\/rrdev.bracketserver.com\/livelihoods\/wp-content\/uploads\/2024\/06\/Deepl-instructions-2-1200x705.png 1200w, https:\/\/rrdev.bracketserver.com\/livelihoods\/wp-content\/uploads\/2024\/06\/Deepl-instructions-2-600x352.png 600w, https:\/\/rrdev.bracketserver.com\/livelihoods\/wp-content\/uploads\/2024\/06\/Deepl-instructions-2-768x451.png 768w, https:\/\/rrdev.bracketserver.com\/livelihoods\/wp-content\/uploads\/2024\/06\/Deepl-instructions-2.png 1447w\" sizes=\"auto, (max-width: 728px) 100vw, 728px\" \/><\/p>\n<p><img loading=\"lazy\" decoding=\"async\" class=\"alignnone wp-image-1908\" src=\"https:\/\/rrdev.bracketserver.com\/livelihoods\/wp-content\/uploads\/2024\/06\/Google-translate-instructions-1200x585.jpg\" alt=\"\" width=\"724\" height=\"353\" srcset=\"https:\/\/rrdev.bracketserver.com\/livelihoods\/wp-content\/uploads\/2024\/06\/Google-translate-instructions-1200x585.jpg 1200w, https:\/\/rrdev.bracketserver.com\/livelihoods\/wp-content\/uploads\/2024\/06\/Google-translate-instructions-600x292.jpg 600w, https:\/\/rrdev.bracketserver.com\/livelihoods\/wp-content\/uploads\/2024\/06\/Google-translate-instructions-768x374.jpg 768w, https:\/\/rrdev.bracketserver.com\/livelihoods\/wp-content\/uploads\/2024\/06\/Google-translate-instructions.jpg 1348w\" sizes=\"auto, (max-width: 724px) 100vw, 724px\" \/><\/p>\n<\/div>\r\n            <\/div>\r\n         \r\n    <\/div>\r\n<\/section>\r\n\r\n\n\n\r\n\r\n<section class=\"block-title-solid\" id=\"block_980942527f8ea3bff2fa8c8783467240\" data-waypoint=\".25\">\r\n    <div class=\"container medium\">\r\n        <div class=\"content\">\r\n            <h2 class=\"title\">M\u00f3dulo 1: \u00bfQu\u00e9 Entendemos Por Medios De Vida?<\/h2> \r\n        <\/div>\r\n    <\/div>\r\n<\/section>\r\n \r\n\n\n\r\n\r\n<section class=\"block-copy-text\" data-waypoint=\".25\">\r\n    <div class=\"container medium\">\r\n                    <div class=\"block-copy-text__content\">\r\n                <div class=\"text\"><p>M\u00faltiples ejemplos de medios de vida sostenibles en paisajes productivos socioecol\u00f3gicos y marinos de regiones de todo el mundo.\u00a0<\/p>\n<\/div>\r\n            <\/div>\r\n         \r\n    <\/div>\r\n<\/section>\r\n\r\n\n\n\r\n\r\n<section class=\"block__buttons\" data-waypoint=\".25\">\r\n    <div class=\"container medium\">\r\n        <div class=\"block__buttons-content\">\r\n            \r\n                        <a class=\"button button-solid-green\" href=\"http:\/\/Informe:%203.%20Medios%20de%20vida%20sostenibles%20en%20SEPLS%20(2017).pdf.\" target=\"_blank\">\r\n        Ver Informe        <\/a>\r\n                            <\/div>\r\n    <\/div>\r\n<\/section>\r\n\n\n\r\n\r\n<section class=\"block-copy-text\" data-waypoint=\".25\">\r\n    <div class=\"container medium\">\r\n                    <div class=\"block-copy-text__content\">\r\n                <div class=\"text\"><p>Restaurar los paisajes degradados del este de Ruanda con una selecci\u00f3n diversa de especies arb\u00f3reas que proporcionen madera, fruta, alimento animal y valor medicinal.<\/p>\n<\/div>\r\n            <\/div>\r\n         \r\n    <\/div>\r\n<\/section>\r\n\r\n\n\n\r\n\r\n<section class=\"block-video\" data-waypoint=\".25\">\r\n    <div class=\"container medium\">\r\n        <div class=\"block-video__content\">\r\n            <div class=\"image-background\">\r\n                <iframe loading=\"lazy\" title=\"Agroforestry: The Path to Prosperity for Rwanda\u2019s Small Farmers\" width=\"640\" height=\"360\" src=\"https:\/\/www.youtube.com\/embed\/VJ_SKVFiZhQ?feature=oembed\" frameborder=\"0\" allow=\"accelerometer; autoplay; clipboard-write; encrypted-media; gyroscope; picture-in-picture; web-share\" referrerpolicy=\"strict-origin-when-cross-origin\" allowfullscreen><\/iframe>                <div class=\"bg-background\"><\/div>\r\n            <\/div>\r\n        <\/div>\r\n                    <div class=\"caption\"><p>La agrosilvicultura: El camino hacia la prosperidad de los peque\u00f1os agricultores <br \/>\r\n<\/p><\/div>\r\n            <\/div>\r\n<\/section>\r\n\r\n\n\n\r\n\r\n<section class=\"block-copy-text\" data-waypoint=\".25\">\r\n    <div class=\"container medium\">\r\n                    <div class=\"block-copy-text__content\">\r\n                <div class=\"text\"><p>Agricultura respetuosa con los bosques en Laos. <\/p>\n<\/div>\r\n            <\/div>\r\n         \r\n    <\/div>\r\n<\/section>\r\n\r\n\n\n\r\n\r\n<section class=\"block__buttons\" data-waypoint=\".25\">\r\n    <div class=\"container medium\">\r\n        <div class=\"block__buttons-content\">\r\n            \r\n                        <a class=\"button button-solid-green\" href=\"https:\/\/www.helvetas.org\/en\/switzerland\/what-we-do\/how-we-work\/our-projects\/asia\/laos\/laos-luras\" target=\"_blank\">\r\n        Ver Art\u00edculo        <\/a>\r\n                            <\/div>\r\n    <\/div>\r\n<\/section>\r\n\n\n\r\n\r\n<section class=\"block-title-solid\" id=\"block_e50809c79964d6fbdf9793dae10bd884\" data-waypoint=\".25\">\r\n    <div class=\"container medium\">\r\n        <div class=\"content\">\r\n            <h2 class=\"title\">M\u00f3dulo 2: \u00bfC\u00f3mo Superar Los Retos Y Las Barreras?<\/h2> \r\n        <\/div>\r\n    <\/div>\r\n<\/section>\r\n \r\n\n\n\r\n\r\n<section class=\"block-copy-text\" data-waypoint=\".25\">\r\n    <div class=\"container medium\">\r\n                    <div class=\"block-copy-text__content\">\r\n                <div class=\"text\"><p>Comunidades de pastores del sur de Etiop\u00eda<\/p>\n<\/div>\r\n            <\/div>\r\n         \r\n    <\/div>\r\n<\/section>\r\n\r\n\n\n\r\n\r\n<section class=\"block__buttons\" data-waypoint=\".25\">\r\n    <div class=\"container medium\">\r\n        <div class=\"block__buttons-content\">\r\n            \r\n                        <a class=\"button button-solid-green\" href=\"http:\/\/Comunidades%20de%20pastores%20del%20sur%20de%20Etiop\u00eda\" target=\"_blank\">\r\n        Ver Art\u00edculo        <\/a>\r\n                            <\/div>\r\n    <\/div>\r\n<\/section>\r\n\n\n\r\n\r\n<section class=\"block-copy-text\" data-waypoint=\".25\">\r\n    <div class=\"container medium\">\r\n                    <div class=\"block-copy-text__content\">\r\n                <div class=\"text\"><p><a href=\"https:\/\/drive.google.com\/drive\/folders\/1cGWW2M9SiUbo57S0wo0Ek4efGh8OZIt_\">Sostenibilidad medioambiental, social y econ\u00f3mica en el caf\u00e9 de Laos: las mujeres en primera l\u00ednea<\/a><\/p>\n<\/div>\r\n            <\/div>\r\n         \r\n    <\/div>\r\n<\/section>\r\n\r\n\n\n\r\n\r\n<section class=\"block-video\" data-waypoint=\".25\">\r\n    <div class=\"container medium\">\r\n        <div class=\"block-video__content\">\r\n            <div class=\"image-background\">\r\n                <iframe loading=\"lazy\" title=\"Perjuangan Sang Penjaga - The Guardian&#039;s Struggle\" width=\"640\" height=\"360\" src=\"https:\/\/www.youtube.com\/embed\/Ta2a1zDuygE?feature=oembed\" frameborder=\"0\" allow=\"accelerometer; autoplay; clipboard-write; encrypted-media; gyroscope; picture-in-picture; web-share\" referrerpolicy=\"strict-origin-when-cross-origin\" allowfullscreen><\/iframe>                <div class=\"bg-background\"><\/div>\r\n            <\/div>\r\n        <\/div>\r\n                    <div class=\"caption\"><p> Perjuangan Sang Penjaga &#8211; La lucha de los guardianes<\/p><\/div>\r\n            <\/div>\r\n<\/section>\r\n\r\n\n\n\r\n\r\n<section class=\"block-copy-text\" data-waypoint=\".25\">\r\n    <div class=\"container medium\">\r\n                    <div class=\"block-copy-text__content\">\r\n                <div class=\"text\"><p>Estrategias para involucrar a diferentes tipos de j\u00f3venes. P\u00e1ginas 33 &#8211; 36 <a href=\"https:\/\/drive.google.com\/file\/d\/1QwPTeNzTm3hlmYZAFtTsA2AbHe98jU0K\/view?usp=sharing\">Prosperidad en el lugar: trabajo significativo para j\u00f3venes m\u00f3viles que mejora los paisajes forestales<\/a><\/p>\n<\/div>\r\n            <\/div>\r\n         \r\n    <\/div>\r\n<\/section>\r\n\r\n\n\n\r\n\r\n<section class=\"block-title-solid\" id=\"block_cefcd50a78675f9147e84eb4928fe803\" data-waypoint=\".25\">\r\n    <div class=\"container medium\">\r\n        <div class=\"content\">\r\n            <h2 class=\"title\">M\u00f3dulo 3: \u00bfC\u00f3mo Construir Iniciativas De Subsistencia Exitosas? <\/h2> \r\n        <\/div>\r\n    <\/div>\r\n<\/section>\r\n \r\n\n\n\r\n\r\n<section class=\"block-copy-text\" data-waypoint=\".25\">\r\n    <div class=\"container medium\">\r\n                    <div class=\"block-copy-text__content\">\r\n                <div class=\"text\"><p>Ejemplos de una nueva bioeconom\u00eda en la Amazonia con m\u00faltiples cadenas de suministro basadas en la biodiversidad del bosque<\/p>\n<\/div>\r\n            <\/div>\r\n         \r\n    <\/div>\r\n<\/section>\r\n\r\n\n\n\r\n\r\n<section class=\"block__buttons\" data-waypoint=\".25\">\r\n    <div class=\"container medium\">\r\n        <div class=\"block__buttons-content\">\r\n            \r\n                        <a class=\"button button-solid-green\" href=\"https:\/\/www.forest-trends.org\/wp-content\/uploads\/2023\/01\/Forest-based-Value-Chains-Forest-Trends-UPDATED.pdf\" target=\"_blank\">\r\n        Ver PDF        <\/a>\r\n                            <\/div>\r\n    <\/div>\r\n<\/section>\r\n\n\n\r\n\r\n<section class=\"block-copy-text\" data-waypoint=\".25\">\r\n    <div class=\"container medium\">\r\n                    <div class=\"block-copy-text__content\">\r\n                <div class=\"text\"><p>Ejemplos de colaboraci\u00f3n e intercambio de conocimientos para ayudar a mejorar la generaci\u00f3n de ingresos de las comunidades ind\u00edgenas y rurales y la conservaci\u00f3n mediante la protecci\u00f3n de los bosques y pr\u00e1cticas sostenibles de recolecci\u00f3n en el sur y el sudeste de Asia. Productos forestales no madereros &#8211; El programa de intercambio y el foro en l\u00ednea ofrecen un lugar para compartir, intercambiar, asociarse y sacar a la luz los problemas del sotobosque.<\/p>\n<\/div>\r\n            <\/div>\r\n         \r\n    <\/div>\r\n<\/section>\r\n\r\n\n\n\r\n\r\n<section class=\"block__buttons\" data-waypoint=\".25\">\r\n    <div class=\"container medium\">\r\n        <div class=\"block__buttons-content\">\r\n            \r\n                        <a class=\"button button-solid-green\" href=\"https:\/\/www.forestharvestforum.com\/\" target=\"_blank\">\r\n        Visitar P\u00e1gina Web        <\/a>\r\n                            <\/div>\r\n    <\/div>\r\n<\/section>\r\n\n\n\r\n\r\n<section class=\"block-copy-text\" data-waypoint=\".25\">\r\n    <div class=\"container medium\">\r\n                    <div class=\"block-copy-text__content\">\r\n                <div class=\"text\"><p>Estudio que demuestra que el capital social es fundamental en las comunidades que se enfrentan a la violencia para mejorar la resiliencia de los medios de subsistencia ante los efectos del cambio clim\u00e1tico en Centroam\u00e9rica.<\/p>\n<\/div>\r\n            <\/div>\r\n         \r\n    <\/div>\r\n<\/section>\r\n\r\n\n\n\r\n\r\n<section class=\"block__buttons\" data-waypoint=\".25\">\r\n    <div class=\"container medium\">\r\n        <div class=\"block__buttons-content\">\r\n            \r\n                        <a class=\"button button-solid-green\" href=\"https:\/\/collections.unu.edu\/eserv\/UNU:2859\/Violence_as_an_obstacle_WP_No_13.pdf\" target=\"_blank\">\r\n        Ver Art\u00edculo        <\/a>\r\n                            <\/div>\r\n    <\/div>\r\n<\/section>\r\n\n\n\r\n\r\n<section class=\"block-copy-text\" data-waypoint=\".25\">\r\n    <div class=\"container medium\">\r\n                    <div class=\"block-copy-text__content\">\r\n                <div class=\"text\"><p>Estudio de caso sobre turismo, principios comunales y resiliencia<\/p>\n<\/div>\r\n            <\/div>\r\n         \r\n    <\/div>\r\n<\/section>\r\n\r\n\n\n\r\n\r\n<section class=\"block__buttons\" data-waypoint=\".25\">\r\n    <div class=\"container medium\">\r\n        <div class=\"block__buttons-content\">\r\n            \r\n                        <a class=\"button button-solid-green\" href=\"https:\/\/drive.google.com\/file\/d\/1uImq-YdwLhXFEteeAhJVGglQIVF1Eu2a\/view?usp=drive_link\" target=\"_blank\">\r\n        Ver PDF        <\/a>\r\n                            <\/div>\r\n    <\/div>\r\n<\/section>\r\n\n\n\r\n\r\n<section class=\"block-title-solid\" id=\"block_5a3d70ee06c264bdc5e8d08b8e4228ec\" data-waypoint=\".25\">\r\n    <div class=\"container medium\">\r\n        <div class=\"content\">\r\n            <h2 class=\"title\">M\u00f3dulo 4: \u00bfC\u00f3mo Dar Vida a Nuestras Ideas? <\/h2> \r\n        <\/div>\r\n    <\/div>\r\n<\/section>\r\n \r\n\n\n\r\n\r\n<section class=\"block-copy-text\" data-waypoint=\".25\">\r\n    <div class=\"container medium\">\r\n                    <div class=\"block-copy-text__content\">\r\n                <div class=\"text\"><p>Este manual se ha elaborado para proporcionar a los agricultores y otros agentes de la cadena de valor informaci\u00f3n empresarial b\u00e1sica.<\/p>\n<p>Conocimientos y habilidades a trav\u00e9s de m\u00e9todos sencillos y pr\u00e1cticos para el sistema de mercado sostenible desarrollo de productos basados en la agricultura.<\/p>\n<\/div>\r\n            <\/div>\r\n         \r\n    <\/div>\r\n<\/section>\r\n\r\n\n\n\r\n\r\n<section class=\"block__buttons\" data-waypoint=\".25\">\r\n    <div class=\"container medium\">\r\n        <div class=\"block__buttons-content\">\r\n            \r\n                        <a class=\"button button-solid-green\" href=\"https:\/\/drive.google.com\/file\/d\/1tKs5iDgKmCbg_8cNa8xrM4DpNH6xjyI9\/view?usp=sharing\" target=\"_blank\">\r\n        Ver Manual        <\/a>\r\n                            <\/div>\r\n    <\/div>\r\n<\/section>\r\n\n\n\r\n\r\n<section class=\"block-copy-text\" data-waypoint=\".25\">\r\n    <div class=\"container medium\">\r\n                    <div class=\"block-copy-text__content\">\r\n                <div class=\"text\"><p>El blog del Banco Mundial explora c\u00f3mo los mecanismos de financiaci\u00f3n innovadores pueden fomentar el esp\u00edritu empresarial y los medios de vida sostenibles, destacando su potencial para transformar las oportunidades econ\u00f3micas de comunidades de todo el mundo.<\/p>\n<\/div>\r\n            <\/div>\r\n         \r\n    <\/div>\r\n<\/section>\r\n\r\n\n\n\r\n\r\n<section class=\"block__buttons\" data-waypoint=\".25\">\r\n    <div class=\"container medium\">\r\n        <div class=\"block__buttons-content\">\r\n            \r\n                        <a class=\"button button-solid-green\" href=\"https:\/\/blogs.worldbank.org\/en\/jobs\/how-innovative-financing-can-support-entrepreneurship-and-sustainable-livelihoods\" target=\"_blank\">\r\n        Ver Art\u00edculo        <\/a>\r\n                            <\/div>\r\n    <\/div>\r\n<\/section>\r\n","protected":false},"excerpt":{"rendered":"","protected":false},"author":1,"featured_media":0,"parent":674,"menu_order":6,"comment_status":"closed","ping_status":"closed","template":"","meta":{"_acf_changed":false,"footnotes":""},"class_list":["post-846","page","type-page","status-publish","hentry"],"acf":[],"_links":{"self":[{"href":"https:\/\/rrdev.bracketserver.com\/livelihoods\/es\/wp-json\/wp\/v2\/pages\/846","targetHints":{"allow":["GET"]}}],"collection":[{"href":"https:\/\/rrdev.bracketserver.com\/livelihoods\/es\/wp-json\/wp\/v2\/pages"}],"about":[{"href":"https:\/\/rrdev.bracketserver.com\/livelihoods\/es\/wp-json\/wp\/v2\/types\/page"}],"author":[{"embeddable":true,"href":"https:\/\/rrdev.bracketserver.com\/livelihoods\/es\/wp-json\/wp\/v2\/users\/1"}],"replies":[{"embeddable":true,"href":"https:\/\/rrdev.bracketserver.com\/livelihoods\/es\/wp-json\/wp\/v2\/comments?post=846"}],"version-history":[{"count":0,"href":"https:\/\/rrdev.bracketserver.com\/livelihoods\/es\/wp-json\/wp\/v2\/pages\/846\/revisions"}],"up":[{"embeddable":true,"href":"https:\/\/rrdev.bracketserver.com\/livelihoods\/es\/wp-json\/wp\/v2\/pages\/674"}],"wp:attachment":[{"href":"https:\/\/rrdev.bracketserver.com\/livelihoods\/es\/wp-json\/wp\/v2\/media?parent=846"}],"curies":[{"name":"wp","href":"https:\/\/api.w.org\/{rel}","templated":true}]}}