{"id":845,"date":"2024-05-29T12:49:28","date_gmt":"2024-05-29T12:49:28","guid":{"rendered":"https:\/\/rrdev.bracketserver.com\/livelihoods\/resources\/"},"modified":"2024-06-20T18:27:22","modified_gmt":"2024-06-20T18:27:22","slug":"resources","status":"publish","type":"page","link":"https:\/\/rrdev.bracketserver.com\/livelihoods\/fr\/my-course\/resources\/","title":{"rendered":"Ressources"},"content":{"rendered":"<section class=\"hero hero--simple\" data-waypoint=\".1\">\r\n  <div class=\"hero__background\">\r\n    <div class=\"container medium\">\r\n      <div class=\"hero__content\">\r\n        <h1 class=\"hero__title\">Ressources <\/h1> \r\n      <\/div>\r\n    <\/div>\r\n  <\/div>\r\n<\/section>\r\n\r\n<section class=\"language-content middle-margin\" data-waypoint=\"0.25\">\r\n  <div class=\"container medium\">\r\n      <div class=\"language-content__grid\">\r\n        <ul class=\"header-language\">\r\n          \n<div class=\"wpml-ls-statics-shortcode_actions wpml-ls wpml-ls-legacy-list-horizontal\">\n\t<ul><li class=\"wpml-ls-slot-shortcode_actions wpml-ls-item wpml-ls-item-en wpml-ls-first-item wpml-ls-item-legacy-list-horizontal\">\n\t\t\t\t<a href=\"https:\/\/rrdev.bracketserver.com\/livelihoods\/\" class=\"wpml-ls-link\">\n                    <span class=\"wpml-ls-display\">EN<\/span><\/a>\n\t\t\t<\/li><li class=\"wpml-ls-slot-shortcode_actions wpml-ls-item wpml-ls-item-fr wpml-ls-current-language wpml-ls-item-legacy-list-horizontal\">\n\t\t\t\t<a href=\"https:\/\/rrdev.bracketserver.com\/livelihoods\/fr\/\" class=\"wpml-ls-link\">\n                    <span class=\"wpml-ls-native\">FR<\/span><\/a>\n\t\t\t<\/li><li class=\"wpml-ls-slot-shortcode_actions wpml-ls-item wpml-ls-item-es wpml-ls-item-legacy-list-horizontal\">\n\t\t\t\t<a href=\"https:\/\/rrdev.bracketserver.com\/livelihoods\/es\/\" class=\"wpml-ls-link\">\n                    <span class=\"wpml-ls-display\">ES<\/span><\/a>\n\t\t\t<\/li><li class=\"wpml-ls-slot-shortcode_actions wpml-ls-item wpml-ls-item-ne wpml-ls-last-item wpml-ls-item-legacy-list-horizontal\">\n\t\t\t\t<a href=\"https:\/\/rrdev.bracketserver.com\/livelihoods\/ne\/\" class=\"wpml-ls-link\">\n                    <span class=\"wpml-ls-display\">NP<\/span><\/a>\n\t\t\t<\/li><\/ul>\n<\/div>\n        <\/ul>\r\n      <\/div>\r\n  <\/div>\r\n<\/section>\n\n\r\n\r\n<section class=\"block-title-solid\" id=\"block_cf940e7eebb52c4a2d9a67a8105d7e32\" data-waypoint=\".25\">\r\n    <div class=\"container medium\">\r\n        <div class=\"content\">\r\n            <h2 class=\"title\"> Comment utiliser des outils en ligne gratuits pour traduire des documents<\/h2> \r\n        <\/div>\r\n    <\/div>\r\n<\/section>\r\n \r\n\n\n\r\n\r\n<section class=\"block-copy-text\" data-waypoint=\".25\">\r\n    <div class=\"container medium\">\r\n                    <div class=\"block-copy-text__content\">\r\n                <div class=\"text\"><p><strong>YouTube : Activation des sous-titres ou de la traduction automatique<\/strong><\/p>\n<p><img loading=\"lazy\" decoding=\"async\" class=\"alignnone wp-image-1978\" src=\"https:\/\/rrdev.bracketserver.com\/livelihoods\/wp-content\/uploads\/2024\/06\/Youtube-subtitles-3-1-1200x680.jpg\" alt=\"\" width=\"686\" height=\"389\" srcset=\"https:\/\/rrdev.bracketserver.com\/livelihoods\/wp-content\/uploads\/2024\/06\/Youtube-subtitles-3-1-1200x680.jpg 1200w, https:\/\/rrdev.bracketserver.com\/livelihoods\/wp-content\/uploads\/2024\/06\/Youtube-subtitles-3-1-600x340.jpg 600w, https:\/\/rrdev.bracketserver.com\/livelihoods\/wp-content\/uploads\/2024\/06\/Youtube-subtitles-3-1-768x435.jpg 768w, https:\/\/rrdev.bracketserver.com\/livelihoods\/wp-content\/uploads\/2024\/06\/Youtube-subtitles-3-1.jpg 1328w\" sizes=\"auto, (max-width: 686px) 100vw, 686px\" \/><\/p>\n<p><img loading=\"lazy\" decoding=\"async\" class=\"alignnone wp-image-1895\" src=\"https:\/\/rrdev.bracketserver.com\/livelihoods\/wp-content\/uploads\/2024\/06\/Youtube-subtitles-2.jpg\" alt=\"\" width=\"702\" height=\"435\" srcset=\"https:\/\/rrdev.bracketserver.com\/livelihoods\/wp-content\/uploads\/2024\/06\/Youtube-subtitles-2.jpg 1175w, https:\/\/rrdev.bracketserver.com\/livelihoods\/wp-content\/uploads\/2024\/06\/Youtube-subtitles-2-600x371.jpg 600w, https:\/\/rrdev.bracketserver.com\/livelihoods\/wp-content\/uploads\/2024\/06\/Youtube-subtitles-2-768x475.jpg 768w\" sizes=\"auto, (max-width: 702px) 100vw, 702px\" \/><\/p>\n<p>Certaines vid\u00e9os peuvent n\u00e9cessiter l&rsquo;activation de la \u00ab traduction automatique \u00bb dans la langue de votre choix (si les sous-titres ne sont pas fournis par l&rsquo;h\u00e9bergeur de la vid\u00e9o). Pour activer la traduction automatique, vous devez :<\/p>\n<ul>\n<li>activez d&rsquo;abord la langue de g\u00e9n\u00e9ration automatique (pour la langue d&rsquo;origine de la vid\u00e9o)<\/li>\n<li>puis revenez dans les param\u00e8tres des sous-titres et s\u00e9lectionnez traduction automatique<\/li>\n<li>s\u00e9lectionner la langue de votre choix<\/li>\n<\/ul>\n<p><img loading=\"lazy\" decoding=\"async\" class=\"alignnone wp-image-1988\" src=\"https:\/\/rrdev.bracketserver.com\/livelihoods\/wp-content\/uploads\/2024\/06\/Auto-Translate-image.png\" alt=\"\" width=\"687\" height=\"392\" srcset=\"https:\/\/rrdev.bracketserver.com\/livelihoods\/wp-content\/uploads\/2024\/06\/Auto-Translate-image.png 1006w, https:\/\/rrdev.bracketserver.com\/livelihoods\/wp-content\/uploads\/2024\/06\/Auto-Translate-image-600x342.png 600w, https:\/\/rrdev.bracketserver.com\/livelihoods\/wp-content\/uploads\/2024\/06\/Auto-Translate-image-768x438.png 768w\" sizes=\"auto, (max-width: 687px) 100vw, 687px\" \/><\/p>\n<p><img loading=\"lazy\" decoding=\"async\" class=\"alignnone wp-image-1984\" src=\"https:\/\/rrdev.bracketserver.com\/livelihoods\/wp-content\/uploads\/2024\/06\/Auto-Translate-2.jpg\" alt=\"\" width=\"683\" height=\"377\" srcset=\"https:\/\/rrdev.bracketserver.com\/livelihoods\/wp-content\/uploads\/2024\/06\/Auto-Translate-2.jpg 1017w, https:\/\/rrdev.bracketserver.com\/livelihoods\/wp-content\/uploads\/2024\/06\/Auto-Translate-2-600x331.jpg 600w, https:\/\/rrdev.bracketserver.com\/livelihoods\/wp-content\/uploads\/2024\/06\/Auto-Translate-2-768x424.jpg 768w\" sizes=\"auto, (max-width: 683px) 100vw, 683px\" \/><\/p>\n<p><strong>Utilisation de Deepl ou Google Translate pour la traduction gratuite de textes<\/strong><\/p>\n<p><a href=\"https:\/\/www.deepl.com\">https:\/\/www.deepl.com<\/a><\/p>\n<p><a href=\"https:\/\/translate.google.com\">https:\/\/translate.google.com<\/a><\/p>\n<p><img loading=\"lazy\" decoding=\"async\" class=\"alignnone wp-image-1902\" src=\"https:\/\/rrdev.bracketserver.com\/livelihoods\/wp-content\/uploads\/2024\/06\/Deepl-instructions-2-1200x705.png\" alt=\"\" width=\"698\" height=\"410\" srcset=\"https:\/\/rrdev.bracketserver.com\/livelihoods\/wp-content\/uploads\/2024\/06\/Deepl-instructions-2-1200x705.png 1200w, https:\/\/rrdev.bracketserver.com\/livelihoods\/wp-content\/uploads\/2024\/06\/Deepl-instructions-2-600x352.png 600w, https:\/\/rrdev.bracketserver.com\/livelihoods\/wp-content\/uploads\/2024\/06\/Deepl-instructions-2-768x451.png 768w, https:\/\/rrdev.bracketserver.com\/livelihoods\/wp-content\/uploads\/2024\/06\/Deepl-instructions-2.png 1447w\" sizes=\"auto, (max-width: 698px) 100vw, 698px\" \/><\/p>\n<p><img loading=\"lazy\" decoding=\"async\" class=\"alignnone wp-image-1906\" src=\"https:\/\/rrdev.bracketserver.com\/livelihoods\/wp-content\/uploads\/2024\/06\/Google-translate-instructions-1200x585.jpg\" alt=\"\" width=\"697\" height=\"340\" srcset=\"https:\/\/rrdev.bracketserver.com\/livelihoods\/wp-content\/uploads\/2024\/06\/Google-translate-instructions-1200x585.jpg 1200w, https:\/\/rrdev.bracketserver.com\/livelihoods\/wp-content\/uploads\/2024\/06\/Google-translate-instructions-600x292.jpg 600w, https:\/\/rrdev.bracketserver.com\/livelihoods\/wp-content\/uploads\/2024\/06\/Google-translate-instructions-768x374.jpg 768w, https:\/\/rrdev.bracketserver.com\/livelihoods\/wp-content\/uploads\/2024\/06\/Google-translate-instructions.jpg 1348w\" sizes=\"auto, (max-width: 697px) 100vw, 697px\" \/><\/p>\n<div id=\"gtx-trans\" style=\"position: absolute;left: 37px;top: 1011.07px\">\n<div class=\"gtx-trans-icon\"><\/div>\n<\/div>\n<\/div>\r\n            <\/div>\r\n         \r\n    <\/div>\r\n<\/section>\r\n\r\n\n\n\r\n\r\n<section class=\"block-title-solid\" id=\"block_71441ac4d48de476f014aeb7643acdf1\" data-waypoint=\".25\">\r\n    <div class=\"container medium\">\r\n        <div class=\"content\">\r\n            <h2 class=\"title\">Module 1: Quelle est notre compr\u00e9hension commune des moyens de subsistance?<\/h2> \r\n        <\/div>\r\n    <\/div>\r\n<\/section>\r\n \r\n\n\n\r\n\r\n<section class=\"block-copy-text\" data-waypoint=\".25\">\r\n    <div class=\"container medium\">\r\n                    <div class=\"block-copy-text__content\">\r\n                <div class=\"text\"><p><span style=\"font-weight: 400\">De multiples exemples de moyens de subsistance durables dans des paysages de production socio-\u00e9cologiques et des paysages marins dans des r\u00e9gions du monde entier. <\/span><\/p>\n<\/div>\r\n            <\/div>\r\n         \r\n    <\/div>\r\n<\/section>\r\n\r\n\n\n\r\n\r\n<section class=\"block__buttons\" data-waypoint=\".25\">\r\n    <div class=\"container medium\">\r\n        <div class=\"block__buttons-content\">\r\n            \r\n                        <a class=\"button button-solid-green\" href=\"https:\/\/drive.google.com\/file\/d\/1e3F9sAybcXrE1C-jJBT_YeS1I2c53Ib4\/view\" target=\"_blank\">\r\n        Voir Le Rapport        <\/a>\r\n                            <\/div>\r\n    <\/div>\r\n<\/section>\r\n\n\n\r\n\r\n<section class=\"block-copy-text\" data-waypoint=\".25\">\r\n    <div class=\"container medium\">\r\n                    <div class=\"block-copy-text__content\">\r\n                <div class=\"text\"><p><span style=\"font-weight: 400\">Restaurer les paysages d\u00e9grad\u00e9s de l&rsquo;est du Rwanda avec une s\u00e9lection vari\u00e9e d&rsquo;esp\u00e8ces d&rsquo;arbres qui fournissent du bois, des fruits, de la nourriture pour les animaux et ayant une valeur m\u00e9dicinale.<\/span><\/p>\n<\/div>\r\n            <\/div>\r\n         \r\n    <\/div>\r\n<\/section>\r\n\r\n\n\n\r\n\r\n<section class=\"block-video\" data-waypoint=\".25\">\r\n    <div class=\"container medium\">\r\n        <div class=\"block-video__content\">\r\n            <div class=\"image-background\">\r\n                <iframe loading=\"lazy\" title=\"Agroforestry: The Path to Prosperity for Rwanda\u2019s Small Farmers\" width=\"640\" height=\"360\" src=\"https:\/\/www.youtube.com\/embed\/VJ_SKVFiZhQ?feature=oembed\" frameborder=\"0\" allow=\"accelerometer; autoplay; clipboard-write; encrypted-media; gyroscope; picture-in-picture; web-share\" referrerpolicy=\"strict-origin-when-cross-origin\" allowfullscreen><\/iframe>                <div class=\"bg-background\"><\/div>\r\n            <\/div>\r\n        <\/div>\r\n                    <div class=\"caption\"><p>Video (5:31): Agroforestry: The Path to Prosperity for Rwanda\u2019s Small Farmers<\/p><\/div>\r\n            <\/div>\r\n<\/section>\r\n\r\n\n\n\r\n\r\n<section class=\"block-copy-text\" data-waypoint=\".25\">\r\n    <div class=\"container medium\">\r\n                    <div class=\"block-copy-text__content\">\r\n                <div class=\"text\"><p><span style=\"font-weight: 400\">L\u2019agriculture respectueuse des for\u00eats au Laos.\u00a0<\/span><\/p>\n<\/div>\r\n            <\/div>\r\n         \r\n    <\/div>\r\n<\/section>\r\n\r\n\n\n\r\n\r\n<section class=\"block__buttons\" data-waypoint=\".25\">\r\n    <div class=\"container medium\">\r\n        <div class=\"block__buttons-content\">\r\n            \r\n                        <a class=\"button button-solid-green\" href=\"https:\/\/www.helvetas.org\/en\/switzerland\/what-we-do\/how-we-work\/our-projects\/asia\/laos\/laos-luras\" target=\"_blank\">\r\n        Voir l&#039;article        <\/a>\r\n                            <\/div>\r\n    <\/div>\r\n<\/section>\r\n\n\n\r\n\r\n<section class=\"block-title-solid\" id=\"block_0c4a00d8144bc61b2013b3b1e8663e8f\" data-waypoint=\".25\">\r\n    <div class=\"container medium\">\r\n        <div class=\"content\">\r\n            <h2 class=\"title\">Module 2: Comment surmonter les d\u00e9fis et les obstacles?<\/h2> \r\n        <\/div>\r\n    <\/div>\r\n<\/section>\r\n \r\n\n\n\r\n\r\n<section class=\"block-copy-text\" data-waypoint=\".25\">\r\n    <div class=\"container medium\">\r\n                    <div class=\"block-copy-text__content\">\r\n                <div class=\"text\"><p><span style=\"font-weight: 400\">Communaut\u00e9s pastorales dans le sud de l&rsquo;\u00c9thiopie<\/span><\/p>\n<\/div>\r\n            <\/div>\r\n         \r\n    <\/div>\r\n<\/section>\r\n\r\n\n\n\r\n\r\n<section class=\"block__buttons\" data-waypoint=\".25\">\r\n    <div class=\"container medium\">\r\n        <div class=\"block__buttons-content\">\r\n            \r\n                        <a class=\"button button-solid-green\" href=\"https:\/\/www.helvetas.org\/Publications-PDFs\/Africa\/Ethiopia\/NRMBorana_BN5_online.pdf\" target=\"_blank\">\r\n        View Article        <\/a>\r\n                            <\/div>\r\n    <\/div>\r\n<\/section>\r\n\n\n\r\n\r\n<section class=\"block-copy-text\" data-waypoint=\".25\">\r\n    <div class=\"container medium\">\r\n                    <div class=\"block-copy-text__content\">\r\n                <div class=\"text\"><p><a href=\"https:\/\/drive.google.com\/drive\/folders\/1cGWW2M9SiUbo57S0wo0Ek4efGh8OZIt_\">Durabilit\u00e9 environnementale, sociale et \u00e9conomique du caf\u00e9 laotien : les femmes en premi\u00e8re ligne<\/a><\/p>\n<\/div>\r\n            <\/div>\r\n         \r\n    <\/div>\r\n<\/section>\r\n\r\n\n\n\r\n\r\n<section class=\"block-video\" data-waypoint=\".25\">\r\n    <div class=\"container medium\">\r\n        <div class=\"block-video__content\">\r\n            <div class=\"image-background\">\r\n                <iframe loading=\"lazy\" title=\"Perjuangan Sang Penjaga - The Guardian&#039;s Struggle\" width=\"640\" height=\"360\" src=\"https:\/\/www.youtube.com\/embed\/Ta2a1zDuygE?feature=oembed\" frameborder=\"0\" allow=\"accelerometer; autoplay; clipboard-write; encrypted-media; gyroscope; picture-in-picture; web-share\" referrerpolicy=\"strict-origin-when-cross-origin\" allowfullscreen><\/iframe>                <div class=\"bg-background\"><\/div>\r\n            <\/div>\r\n        <\/div>\r\n                    <div class=\"caption\"><p>Vid\u00e9o (11:45): Perjuangan Sang Penjaga &#8211; The Guardian&rsquo;s Struggle<br \/>\r\n<\/p><\/div>\r\n            <\/div>\r\n<\/section>\r\n\r\n\n\n\r\n\r\n<section class=\"block-copy-text\" data-waypoint=\".25\">\r\n    <div class=\"container medium\">\r\n                    <div class=\"block-copy-text__content\">\r\n                <div class=\"text\"><p><span style=\"font-weight: 400\">Strat\u00e9gies pour impliquer diff\u00e9rents types de jeunes. Pages 33 &#8211; 36 <\/span><strong><a href=\"https:\/\/drive.google.com\/file\/d\/1QwPTeNzTm3hlmYZAFtTsA2AbHe98jU0K\/view?usp=sharing\">Prosperity in place: meaningful work for mobile youth that enhances forest landscapes<\/a><\/strong><\/p>\n<\/div>\r\n            <\/div>\r\n         \r\n    <\/div>\r\n<\/section>\r\n\r\n\n\n\r\n\r\n<section class=\"block-title-solid\" id=\"block_535c378c459e932d82e2c99e2f5ec536\" data-waypoint=\".25\">\r\n    <div class=\"container medium\">\r\n        <div class=\"content\">\r\n            <h2 class=\"title\">Module 3: Comment mettre en place des initiatives fructueuses en termes de moyens de subsistance ?<\/h2> \r\n        <\/div>\r\n    <\/div>\r\n<\/section>\r\n \r\n\n\n\r\n\r\n<section class=\"block-copy-text\" data-waypoint=\".25\">\r\n    <div class=\"container medium\">\r\n                    <div class=\"block-copy-text__content\">\r\n                <div class=\"text\"><p><span style=\"font-weight: 400\">Exemples d&rsquo;une nouvelle bio-\u00e9conomie en Amazonie avec de multiples cha\u00eenes d&rsquo;approvisionnement bas\u00e9es sur la biodiversit\u00e9 de la for\u00eat<\/span><\/p>\n<p>&nbsp;<\/p>\n<\/div>\r\n            <\/div>\r\n         \r\n    <\/div>\r\n<\/section>\r\n\r\n\n\n\r\n\r\n<section class=\"block__buttons\" data-waypoint=\".25\">\r\n    <div class=\"container medium\">\r\n        <div class=\"block__buttons-content\">\r\n            \r\n                        <a class=\"button button-solid-green\" href=\"https:\/\/www.forest-trends.org\/wp-content\/uploads\/2023\/01\/Forest-based-Value-Chains-Forest-Trends-UPDATED.pdf\" target=\"_blank\">\r\n        PDF avec images        <\/a>\r\n                            <\/div>\r\n    <\/div>\r\n<\/section>\r\n\n\n\r\n\r\n<section class=\"block-copy-text\" data-waypoint=\".25\">\r\n    <div class=\"container medium\">\r\n                    <div class=\"block-copy-text__content\">\r\n                <div class=\"text\"><p><span style=\"font-weight: 400\">Exemples de collaboration et d&rsquo;\u00e9changes de connaissances visant \u00e0 d\u00e9velopper les revenus pour les communaut\u00e9s autochtones et rurales et la conservation gr\u00e2ce \u00e0 la protection des for\u00eats et aux pratiques d&rsquo;exploitation durable en Asie du Sud et du Sud-Est. Produits forestiers non ligneux \u2013 Le programme d&rsquo;\u00e9change et le forum en ligne permettent de partager, d&rsquo;\u00e9changer, d&rsquo;\u00e9tablir des partenariats et de mettre en lumi\u00e8re les probl\u00e8mes des sous-bois.<\/span><\/p>\n<p>&nbsp;<\/p>\n<\/div>\r\n            <\/div>\r\n         \r\n    <\/div>\r\n<\/section>\r\n\r\n\n\n\r\n\r\n<section class=\"block__buttons\" data-waypoint=\".25\">\r\n    <div class=\"container medium\">\r\n        <div class=\"block__buttons-content\">\r\n            \r\n                        <a class=\"button button-solid-green\" href=\"https:\/\/www.forestharvestforum.com\/\" target=\"_blank\">\r\n        Site Web        <\/a>\r\n                            <\/div>\r\n    <\/div>\r\n<\/section>\r\n\n\n\r\n\r\n<section class=\"block-copy-text\" data-waypoint=\".25\">\r\n    <div class=\"container medium\">\r\n                    <div class=\"block-copy-text__content\">\r\n                <div class=\"text\"><p><span style=\"font-weight: 400\">La recherche montre que le capital social est essentiel dans les communaut\u00e9s confront\u00e9es \u00e0 la violence afin d&rsquo;am\u00e9liorer la r\u00e9sistance des moyens de subsistance aux effets du changement climatique en Am\u00e9rique centrale.<\/span><\/p>\n<\/div>\r\n            <\/div>\r\n         \r\n    <\/div>\r\n<\/section>\r\n\r\n\n\n\r\n\r\n<section class=\"block__buttons\" data-waypoint=\".25\">\r\n    <div class=\"container medium\">\r\n        <div class=\"block__buttons-content\">\r\n            \r\n                        <a class=\"button button-solid-green\" href=\"https:\/\/collections.unu.edu\/eserv\/UNU:2859\/Violence_as_an_obstacle_WP_No_13.pdf\" target=\"_blank\">\r\n        Voir l&#039;article        <\/a>\r\n                            <\/div>\r\n    <\/div>\r\n<\/section>\r\n\n\n\r\n\r\n<section class=\"block-copy-text\" data-waypoint=\".25\">\r\n    <div class=\"container medium\">\r\n                    <div class=\"block-copy-text__content\">\r\n                <div class=\"text\"><p><span style=\"font-weight: 400\">\u00c9tude de cas sur le tourisme, les principes communautaire et la and r\u00e9silience<\/span><\/p>\n<\/div>\r\n            <\/div>\r\n         \r\n    <\/div>\r\n<\/section>\r\n\r\n\n\n\r\n\r\n<section class=\"block__buttons\" data-waypoint=\".25\">\r\n    <div class=\"container medium\">\r\n        <div class=\"block__buttons-content\">\r\n            \r\n                        <a class=\"button button-solid-green\" href=\"https:\/\/drive.google.com\/file\/d\/1uImq-YdwLhXFEteeAhJVGglQIVF1Eu2a\/view?usp=drive_link\" target=\"_blank\">\r\n        Voir le PDF        <\/a>\r\n                            <\/div>\r\n    <\/div>\r\n<\/section>\r\n\n\n\r\n\r\n<section class=\"block-title-solid\" id=\"block_2cc636a3f88af9f86b2959260dbc54fa\" data-waypoint=\".25\">\r\n    <div class=\"container medium\">\r\n        <div class=\"content\">\r\n            <h2 class=\"title\">Module 4: Comment donner vie \u00e0 nos projets?<\/h2> \r\n        <\/div>\r\n    <\/div>\r\n<\/section>\r\n \r\n\n\n\r\n\r\n<section class=\"block-copy-text\" data-waypoint=\".25\">\r\n    <div class=\"container medium\">\r\n                    <div class=\"block-copy-text__content\">\r\n                <div class=\"text\"><p><span style=\"font-weight: 400\">Ce manuel a \u00e9t\u00e9 pr\u00e9par\u00e9 pour fournir aux agriculteurs et aux autres acteurs de la cha\u00eene de valeur des connaissances et des comp\u00e9tences commerciales de base par le biais de m\u00e9thodes simples et pratiques pour le d\u00e9veloppement durable du syst\u00e8me de march\u00e9 des produits agricoles.<\/span><\/p>\n<\/div>\r\n            <\/div>\r\n         \r\n    <\/div>\r\n<\/section>\r\n\r\n\n\n\r\n\r\n<section class=\"block__buttons\" data-waypoint=\".25\">\r\n    <div class=\"container medium\">\r\n        <div class=\"block__buttons-content\">\r\n            \r\n                        <a class=\"button button-solid-green\" href=\"https:\/\/drive.google.com\/file\/d\/1tKs5iDgKmCbg_8cNa8xrM4DpNH6xjyI9\/view?usp=sharing\" target=\"_blank\">\r\n        Voir le Manual        <\/a>\r\n                            <\/div>\r\n    <\/div>\r\n<\/section>\r\n\n\n\r\n\r\n<section class=\"block-copy-text\" data-waypoint=\".25\">\r\n    <div class=\"container medium\">\r\n                    <div class=\"block-copy-text__content\">\r\n                <div class=\"text\"><p><span style=\"font-weight: 400\">Le blog de la Banque mondiale explore la mani\u00e8re dont les m\u00e9canismes de financement innovants peuvent favoriser l&rsquo;esprit d&rsquo;entreprise et les moyens de subsistance durables, en soulignant leur potentiel de transformation des opportunit\u00e9s \u00e9conomiques pour les communaut\u00e9s du monde entier.<\/span><\/p>\n<\/div>\r\n            <\/div>\r\n         \r\n    <\/div>\r\n<\/section>\r\n\r\n\n\n\r\n\r\n<section class=\"block__buttons\" data-waypoint=\".25\">\r\n    <div class=\"container medium\">\r\n        <div class=\"block__buttons-content\">\r\n            \r\n                        <a class=\"button button-solid-green\" href=\"https:\/\/blogs.worldbank.org\/en\/jobs\/how-innovative-financing-can-support-entrepreneurship-and-sustainable-livelihoods\" target=\"_blank\">\r\n        Lien web de l\u2019article        <\/a>\r\n                            <\/div>\r\n    <\/div>\r\n<\/section>\r\n","protected":false},"excerpt":{"rendered":"","protected":false},"author":1,"featured_media":0,"parent":1246,"menu_order":6,"comment_status":"closed","ping_status":"closed","template":"","meta":{"_acf_changed":false,"footnotes":""},"class_list":["post-845","page","type-page","status-publish","hentry"],"acf":[],"_links":{"self":[{"href":"https:\/\/rrdev.bracketserver.com\/livelihoods\/fr\/wp-json\/wp\/v2\/pages\/845","targetHints":{"allow":["GET"]}}],"collection":[{"href":"https:\/\/rrdev.bracketserver.com\/livelihoods\/fr\/wp-json\/wp\/v2\/pages"}],"about":[{"href":"https:\/\/rrdev.bracketserver.com\/livelihoods\/fr\/wp-json\/wp\/v2\/types\/page"}],"author":[{"embeddable":true,"href":"https:\/\/rrdev.bracketserver.com\/livelihoods\/fr\/wp-json\/wp\/v2\/users\/1"}],"replies":[{"embeddable":true,"href":"https:\/\/rrdev.bracketserver.com\/livelihoods\/fr\/wp-json\/wp\/v2\/comments?post=845"}],"version-history":[{"count":0,"href":"https:\/\/rrdev.bracketserver.com\/livelihoods\/fr\/wp-json\/wp\/v2\/pages\/845\/revisions"}],"up":[{"embeddable":true,"href":"https:\/\/rrdev.bracketserver.com\/livelihoods\/fr\/wp-json\/wp\/v2\/pages\/1246"}],"wp:attachment":[{"href":"https:\/\/rrdev.bracketserver.com\/livelihoods\/fr\/wp-json\/wp\/v2\/media?parent=845"}],"curies":[{"name":"wp","href":"https:\/\/api.w.org\/{rel}","templated":true}]}}