{"id":866,"date":"2024-06-05T22:44:08","date_gmt":"2024-06-05T22:44:08","guid":{"rendered":"https:\/\/rrdev.bracketserver.com\/livelihoods\/module-3-how-can-we-build-successful-livelihood-initiatives\/"},"modified":"2024-06-18T19:07:09","modified_gmt":"2024-06-18T19:07:09","slug":"module-3-how-can-we-build-successful-livelihood-initiatives","status":"publish","type":"page","link":"https:\/\/rrdev.bracketserver.com\/livelihoods\/fr\/my-course\/module-3-how-can-we-build-successful-livelihood-initiatives\/","title":{"rendered":"Module 3: Comment pouvons-nous mettre en place des initiatives r\u00e9ussies en mati\u00e8re de moyens de subsistance?"},"content":{"rendered":"\r\n<section class=\"hero hero--internal\" data-waypoint=\"0.25\">\r\n  <div class=\"hero__background\"><\/div>\r\n    <div class=\"container medium\">\r\n      <div class=\"hero__content\">\r\n      <div class=\"language-content no-margin\" data-waypoint=\"0.25\">\r\n        <div class=\"container medium\">\r\n            <div class=\"language-content__grid\">\r\n              <ul class=\"header-language\">\r\n                \n<div class=\"wpml-ls-statics-shortcode_actions wpml-ls wpml-ls-legacy-list-horizontal\">\n\t<ul><li class=\"wpml-ls-slot-shortcode_actions wpml-ls-item wpml-ls-item-en wpml-ls-first-item wpml-ls-item-legacy-list-horizontal\">\n\t\t\t\t<a href=\"https:\/\/rrdev.bracketserver.com\/livelihoods\/\" class=\"wpml-ls-link\">\n                    <span class=\"wpml-ls-display\">EN<\/span><\/a>\n\t\t\t<\/li><li class=\"wpml-ls-slot-shortcode_actions wpml-ls-item wpml-ls-item-fr wpml-ls-current-language wpml-ls-item-legacy-list-horizontal\">\n\t\t\t\t<a href=\"https:\/\/rrdev.bracketserver.com\/livelihoods\/fr\/\" class=\"wpml-ls-link\">\n                    <span class=\"wpml-ls-native\">FR<\/span><\/a>\n\t\t\t<\/li><li class=\"wpml-ls-slot-shortcode_actions wpml-ls-item wpml-ls-item-es wpml-ls-item-legacy-list-horizontal\">\n\t\t\t\t<a href=\"https:\/\/rrdev.bracketserver.com\/livelihoods\/es\/\" class=\"wpml-ls-link\">\n                    <span class=\"wpml-ls-display\">ES<\/span><\/a>\n\t\t\t<\/li><li class=\"wpml-ls-slot-shortcode_actions wpml-ls-item wpml-ls-item-ne wpml-ls-last-item wpml-ls-item-legacy-list-horizontal\">\n\t\t\t\t<a href=\"https:\/\/rrdev.bracketserver.com\/livelihoods\/ne\/\" class=\"wpml-ls-link\">\n                    <span class=\"wpml-ls-display\">NP<\/span><\/a>\n\t\t\t<\/li><\/ul>\n<\/div>\n              <\/ul>\r\n            <\/div>\r\n        <\/div>\r\n      <\/div>\r\n\r\n        <div class=\"hero__data\">\r\n            <h1 class=\"hero__title\"><p><b>Module 3:<\/b>Comment pouvons-nous mettre en place des initiatives r\u00e9ussies en mati\u00e8re de moyens de subsistance?<\/p>\n<\/h1> \r\n        <\/div>\r\n        \r\n            \r\n              <div class=\"block__buttons-content\">\r\n                                            <a class=\"button button-solid-green\" href=\"https:\/\/rrdev.bracketserver.com\/livelihoods\/wp-content\/uploads\/2024\/06\/Module-3_-Comment-pouvons-nous-mettre-en-place-des-initiatives-reussies-en-matiere-de-moyens-de-subsistance_.pdf\" target=\"_blank\" download>\r\n        T\u00e9l\u00e9charger le module        <\/a>\r\n                                                    <a class=\"button button-solid-blue\" href=\"https:\/\/rrdev.bracketserver.com\/livelihoods\/wp-content\/uploads\/2024\/06\/Livelihoods-Live-Sessions-Date_Times-Slide.pptx.pdf\" target=\"_blank\" download>\r\n        Session en direct        <\/a>\r\n                                      <\/div>\r\n            \r\n      <\/div>\r\n    <\/div> \r\n<\/section>\r\n\r\n\n\n\n<section class=\"block-text-cover\" data-waypoint=\".25\"> \n  <div class=\"block-text-cover__background\">\n    <div class=\"container medium\">\n      <div class=\"content\">\n        <div class=\"data\">\n            <h3 class=\"title\">Introduction<\/h3> \n            <div class=\"text\"><p>Dans ce module, nous explorerons diverses structures de gouvernance autod\u00e9termin\u00e9es, nous analyserons les avantages d\u2019une organisation collective et nous nous pencherons sur la cartographie du \u00ab capital social \u00bb afin d&rsquo;identifier les collaborateurs potentiels \u00e0 l&rsquo;int\u00e9rieur et \u00e0 l&rsquo;ext\u00e9rieur de la communaut\u00e9.<\/p>\n<p>&nbsp;<\/p>\n<\/div> \n        <\/div>\n      <\/div>\n    <\/div> \n  <\/div>\n<\/section>\n\n\n\n\r\n\r\n<section class=\"block-title-solid\" id=\"block_b8b46315bbd70180786d0a1959fa3656\" data-waypoint=\".25\">\r\n    <div class=\"container medium\">\r\n        <div class=\"content\">\r\n            <h2 class=\"title\">Gouvernance communautaire et moyens de subsistance<\/h2> \r\n        <\/div>\r\n    <\/div>\r\n<\/section>\r\n \r\n\n\n\r\n\r\n<section class=\"block-copy-text\" data-waypoint=\".25\">\r\n    <div class=\"container medium\">\r\n                    <div class=\"block-copy-text__content\">\r\n                <div class=\"text\"><p>La gouvernance est un \u00e9l\u00e9ment crucial pour le d\u00e9veloppement des moyens de subsistance communautaires. Elle peut \u00eatre consid\u00e9r\u00e9e comme la mani\u00e8re dont les personnes et les communaut\u00e9s s&rsquo;organisent, vivent et fonctionnent ensemble. L&rsquo;histoire, la culture, le contexte, la sagesse, les luttes et les modes de vie propres \u00e0 chaque communaut\u00e9 et \u00e0 chaque territoire influencent leurs structures et leur dynamique de pouvoir (la fa\u00e7on dont le pouvoir est organis\u00e9 ou partag\u00e9, \u00e0 la fois ouvertement\/visiblement ou informellement\/invisiblement). Les dynamiques de gouvernance locale d\u00e9terminent ce qui peut \u00e9merger et \u00eatre maintenu au sein d&rsquo;un territoire ou d&rsquo;une communaut\u00e9 et comment. Les structures de gouvernance communautaire peuvent \u00e9galement \u00eatre fortement influenc\u00e9es par des facteurs juridiques et politiques externes.<\/p>\n<p>La structure de gouvernance (et la mani\u00e8re dont elle est cr\u00e9\u00e9e) influence les moyens de subsistance qui peuvent \u00e9merger et se d\u00e9velopper. Le comment est extr\u00eamement important, par exemple : qui est impliqu\u00e9, qui prend les d\u00e9cisions, quelles alliances peuvent \u00eatre conclues, comment l&rsquo;argent ou les revenus sont distribu\u00e9s, etc.<\/p>\n<p>Il n&rsquo;existe pas de \u00ab bonne m\u00e9thode \u00bb universelle pour mettre en place une gouvernance, car elle doit \u00eatre cr\u00e9\u00e9e \u00e0 partir de normes et de pratiques existantes dans une communaut\u00e9 sp\u00e9cifique. Ce module ne pr\u00e9sentera pas une liste d\u00e9finitive de mod\u00e8les de gouvernance. Au lieu de cela, nous vous proposons diverses \u00e9tudes de cas et opinions pour r\u00e9fl\u00e9chir \u00e0 la gouvernance et aux structures de pouvoir, et nous discuterons plus en d\u00e9tail de vos contextes sp\u00e9cifiques lors de nos sessions en direct.<\/p>\n<\/div>\r\n            <\/div>\r\n         \r\n    <\/div>\r\n<\/section>\r\n\r\n\n\n\r\n\r\n<section class=\"block-title-solid\" id=\"block_28cd6446c9280db3c9a01e42c9dd5320\" data-waypoint=\".25\">\r\n    <div class=\"container medium\">\r\n        <div class=\"content\">\r\n            <h2 class=\"title\">Qu\u2019est ce que le \u00ab capital social \u00bb ?<\/h2> \r\n        <\/div>\r\n    <\/div>\r\n<\/section>\r\n \r\n\n\n\r\n\r\n<section class=\"block-copy-text\" data-waypoint=\".25\">\r\n    <div class=\"container medium\">\r\n                    <div class=\"block-copy-text__content\">\r\n                <div class=\"text\"><p>En se r\u00e9f\u00e9rant sp\u00e9cifiquement au \u00ab capital social \u00bb dans le cadre de Livelihoods, <strong><a href=\"https:\/\/drive.google.com\/file\/d\/1eUBRg93da6Mrx3mFPbql0nZ8MRZMfcnB\/view?usp=sharing\" target=\"_blank\" rel=\"noopener\">Norman Rodea<\/a><\/strong> nous invite \u00e0 r\u00e9pondre \u00e0 certaines des questions suivantes :<\/p>\n<ul>\n<li>Existe-t-il des groupes sociaux organis\u00e9s au sein de la communaut\u00e9 ? Quels sont-ils ?<br \/>\n&#8211; Quelles sont les dynamiques de pouvoir et les relations au sein des groupes existants?<br \/>\n&#8211; Comment g\u00e8re-t-on les conflits ?<\/li>\n<li>Quelle est la structure d\u00e9cisionnelle de la communaut\u00e9 ? Est-ce qu\u2019elle fonctionne ?<br \/>\n&#8211; Quelles sont les pressions ext\u00e9rieures qui g\u00e9n\u00e8rent des tensions au sein de la communaut\u00e9?<\/li>\n<li>Quelles sont les personnes et les institutions ext\u00e9rieures \u00e0 la communaut\u00e9 qui peuvent \u00eatre utiles aux initiatives en mati\u00e8re de moyens de subsistance ? Par exemple : les fonctionnaires, les entreprises, les organisations de la soci\u00e9t\u00e9 civile, les services publics.<br \/>\n&#8211; Quels sont les march\u00e9s \u00e9conomiques disponibles ?<br \/>\n&#8211; Quels sont les acteurs d\u2019importance (\u00e0 l&rsquo;int\u00e9rieur et \u00e0 l&rsquo;ext\u00e9rieur de la communaut\u00e9) qui s&rsquo;alignent sur les valeurs et les objectifs de la communaut\u00e9 ?<\/li>\n<\/ul>\n<p>[ins\u00e9rer le lien vers le PDF de l\u2019article traduit dans d\u2019autres langues]<\/p>\n<\/div>\r\n            <\/div>\r\n         \r\n    <\/div>\r\n<\/section>\r\n\r\n\n\n\r\n\r\n<section class=\"block-title-solid\" id=\"block_16d0205dfbe78b1b1c6a38a9ee337483\" data-waypoint=\".25\">\r\n    <div class=\"container medium\">\r\n        <div class=\"content\">\r\n            <h2 class=\"title\">Dynamiques de pouvoir et polarit\u00e9s : Comment g\u00e9rer les tensions?<\/h2> \r\n        <\/div>\r\n    <\/div>\r\n<\/section>\r\n \r\n\n\n\r\n\r\n<section class=\"block-copy-text\" data-waypoint=\".25\">\r\n    <div class=\"container medium\">\r\n                    <div class=\"block-copy-text__content\">\r\n                <div class=\"text\"><p>La plupart des dynamiques de pouvoir qui apparaissent lorsque nous discutons des structures d&rsquo;organisation et de gouvernance refl\u00e8tent des tensions internes et externes ou des forces oppos\u00e9es en jeu au sein des communaut\u00e9s. Nous pr\u00e9sentons ci-dessous une liste initiale de ces tensions et vous invitons \u00e0 r\u00e9fl\u00e9chir \u00e0 la fa\u00e7on dont elles se manifestent dans votre communaut\u00e9 en relation avec les id\u00e9es ou les initiatives que vous avez envisag\u00e9es vis-\u00e0-vis des moyens de subsistance.<\/p>\n<p><strong><a href=\"https:\/\/drive.google.com\/file\/d\/1zmZI9wFZx6EGOq8zmRudiQ5Dc_y0Ggzg\/view?usp=sharing\" target=\"_blank\" rel=\"noopener\">Le cadre des polarit\u00e9s<\/a><\/strong> [ins\u00e9rer le lien vers le PDF de l\u2019article traduit dans d\u2019autres langues] vous invite \u00e0 contenir ces tensions, en cherchant des moyens de les exploiter et d\u2019utiliser le bon sens de chacune des parties, en \u00e9vitant de se laisser emporter par un extr\u00eame face \u00e0 l&rsquo;autre. Le but n&rsquo;est pas de voir les choses en termes d\u2019opposition \u00ab une chose contre l\u2019autre \u00bb, mais d\u2019addition \u00ab une chose et aussi l\u2019autre \u00bb, et de se demander : \u00ab Comment tirer parti de ces polarit\u00e9s ? Que faut-il int\u00e9grer de chaque polarit\u00e9 ? \u00bb<\/p>\n<\/div>\r\n            <\/div>\r\n         \r\n    <\/div>\r\n<\/section>\r\n\r\n\n\n\n\n<section class=\"block-image\" data-waypoint=\".25\">\n    <div class=\"container medium\">\n        <div class=\"block-image__content\">\n                            <div class=\"block-image__image\">\n                    <img decoding=\"async\" width=\"1540\" height=\"996\" src=\"https:\/\/rrdev.bracketserver.com\/livelihoods\/wp-content\/uploads\/2024\/06\/Screen-Shot-2024-06-11-at-12.39.10.png\" class=\"\" alt=\"\" loading=\"lazy\" srcset=\"https:\/\/rrdev.bracketserver.com\/livelihoods\/wp-content\/uploads\/2024\/06\/Screen-Shot-2024-06-11-at-12.39.10.png 1540w, https:\/\/rrdev.bracketserver.com\/livelihoods\/wp-content\/uploads\/2024\/06\/Screen-Shot-2024-06-11-at-12.39.10-1200x776.png 1200w, https:\/\/rrdev.bracketserver.com\/livelihoods\/wp-content\/uploads\/2024\/06\/Screen-Shot-2024-06-11-at-12.39.10-600x388.png 600w, https:\/\/rrdev.bracketserver.com\/livelihoods\/wp-content\/uploads\/2024\/06\/Screen-Shot-2024-06-11-at-12.39.10-768x497.png 768w, https:\/\/rrdev.bracketserver.com\/livelihoods\/wp-content\/uploads\/2024\/06\/Screen-Shot-2024-06-11-at-12.39.10-1536x993.png 1536w\" sizes=\"auto, (max-width: 1540px) 100vw, 1540px\" \/>                <\/div>\n                                <\/div>\n    <\/div>\n<\/section>\n\n\n\n\r\n\r\n<section class=\"block-title-solid\" id=\"block_0263a69135281ff2b5b8692bf7345362\" data-waypoint=\".25\">\r\n    <div class=\"container medium\">\r\n        <div class=\"content\">\r\n            <h2 class=\"title\">Explorer les principes d&#039;une \u00e9conomie autochtone en Amazonie<\/h2> \r\n        <\/div>\r\n    <\/div>\r\n<\/section>\r\n \r\n\n\n\r\n\r\n<section class=\"block-copy-text\" data-waypoint=\".25\">\r\n    <div class=\"container medium\">\r\n                    <div class=\"block-copy-text__content\">\r\n                <div class=\"text\"><p>La vid\u00e9o suivante montre l\u2019exemple de la fa\u00e7on dont ces tensions sont g\u00e9r\u00e9es chez certains groupes autochtones de l&rsquo;Amazonie. \u00ab<em> Les peuples autochtones et les communaut\u00e9s locales de l&rsquo;Amazonie latino-am\u00e9ricaine s&rsquo;adressent de plus en plus au march\u00e9 en recherchant la valeur des cha\u00eenes de biodiversit\u00e9 sociale foresti\u00e8re, et dans cette relation avec le march\u00e9, plusieurs d\u00e9fis se posent. \u00bb<\/em><\/p>\n<p>Cette vid\u00e9o r\u00e9pond \u00e0 la question \u00ab Qu&rsquo;est-ce qu&rsquo;une \u00e9conomie autochtone ? \u00bb en se basant sur la perspective du \u00ab buen vivir \u00bb (\u00ab bon vivre \u00bb), qui int\u00e8gre une vision du territoire, des savoirs ancestraux, de l&rsquo;harmonie sociale et de la gouvernance.<\/p>\n<\/div>\r\n            <\/div>\r\n         \r\n    <\/div>\r\n<\/section>\r\n\r\n\n\n\r\n\r\n<section class=\"block-video\" data-waypoint=\".25\">\r\n    <div class=\"container medium\">\r\n        <div class=\"block-video__content\">\r\n            <div class=\"image-background\">\r\n                <iframe loading=\"lazy\" title=\"\u00c9conomie autochtone \u2013 Forest Trends\" width=\"640\" height=\"360\" src=\"https:\/\/www.youtube.com\/embed\/dUJqntroZ2Q?feature=oembed\" frameborder=\"0\" allow=\"accelerometer; autoplay; clipboard-write; encrypted-media; gyroscope; picture-in-picture; web-share\" referrerpolicy=\"strict-origin-when-cross-origin\" allowfullscreen><\/iframe>                <div class=\"bg-background\"><\/div>\r\n            <\/div>\r\n        <\/div>\r\n                    <div class=\"caption\"><p>Vid\u00e9o: Economia Ind\u00edgena\/Indigenous Economy (de 0:40 \u00e0 3:21)<br \/>\r\n<br \/>\r\n<\/p><\/div>\r\n            <\/div>\r\n<\/section>\r\n\r\n\n\n\r\n\r\n<section class=\"block-title-solid\" id=\"block_795e1a9f958e62ff2c46f318d819fa87\" data-waypoint=\".25\">\r\n    <div class=\"container medium\">\r\n        <div class=\"content\">\r\n            <h2 class=\"title\"> \u00c9tude de cas et vid\u00e9o : Le fait communautaire et l&#039;autonomie dans la Sierra Norte de Oaxaca, Mexique<\/h2> \r\n        <\/div>\r\n    <\/div>\r\n<\/section>\r\n \r\n\n\n\r\n\r\n<section class=\"block-copy-text\" data-waypoint=\".25\">\r\n    <div class=\"container medium\">\r\n                    <div class=\"block-copy-text__content\">\r\n                <div class=\"text\"><p>Capul\u00e1lpam, situ\u00e9e \u00e0 Oaxaca, au Mexique, est une communaut\u00e9 autochtone zapot\u00e8que connue pour ses pratiques durables et son fort esprit communautaire. Pour r\u00e9pondre au besoin de revenus locaux et durables, la ville a d\u00e9velopp\u00e9 quatre projets communaux principaux : une exploitation foresti\u00e8re durable, une entreprise de mat\u00e9riaux en pierre, l&rsquo;\u00e9cotourisme et une usine d&#8217;embouteillage d&rsquo;eau. Ces entreprises cr\u00e9ent des emplois, stimulent l&rsquo;\u00e9conomie et financent des projets sociaux. \u00ab Les entreprises communales nous aident \u00e0 maintenir notre autonomie, car les ressources de l&rsquo;\u00c9tat et du gouvernement f\u00e9d\u00e9ral sont tr\u00e8s limit\u00e9es \u00bb, explique Miguel Mart\u00ednez (pr\u00e9sident d&rsquo;un conseil communautaire). La gouvernance repose sur les assembl\u00e9es communales et le conseil des anciens, qui pr\u00e9servent les pratiques traditionnelles. Ils ont \u00e9galement lutt\u00e9 contre les compagnies mini\u00e8res pour prot\u00e9ger leur environnement. \u00ab Nous voulons un tourisme qui respecte la nature, nos coutumes, nos animaux et notre eau \u00bb, insiste Edy Garc\u00eda, directeur de l&rsquo;entreprise d&rsquo;\u00e9cotourisme.<\/p>\n<p>\ud83d\udcd6Pour plus d\u2019informations, rendez-vous sur <a href=\"https:\/\/drive.google.com\/file\/d\/1KSXMLE-tJfrr1Jx7uywYt4UDPxc0QTiz\/view?usp=sharing\">Capul\u00e1lpam, la communaut\u00e9 \u00e0 visage autonome<\/a>.<\/p>\n<p>La vid\u00e9o suivante d\u00e9crit ce qu&rsquo;il a fallu pour cr\u00e9er la coop\u00e9rative de femmes Capulli \u00e0 Capulalpam, qui promeut la m\u00e9decine traditionnelle et la transmet aux nouvelles g\u00e9n\u00e9rations.<\/p>\n<\/div>\r\n            <\/div>\r\n         \r\n    <\/div>\r\n<\/section>\r\n\r\n\n\n\r\n\r\n<section class=\"block-video\" data-waypoint=\".25\">\r\n    <div class=\"container medium\">\r\n        <div class=\"block-video__content\">\r\n            <div class=\"image-background\">\r\n                <iframe loading=\"lazy\" title=\"Cooperativa de mujeres Capulli promueven sanaci\u00f3n en Capul\u00e1lpam\" width=\"640\" height=\"360\" src=\"https:\/\/www.youtube.com\/embed\/CpeN4t76Le8?feature=oembed\" frameborder=\"0\" allow=\"accelerometer; autoplay; clipboard-write; encrypted-media; gyroscope; picture-in-picture; web-share\" referrerpolicy=\"strict-origin-when-cross-origin\" allowfullscreen><\/iframe>                <div class=\"bg-background\"><\/div>\r\n            <\/div>\r\n        <\/div>\r\n                    <div class=\"caption\"><p>Video (3:09): Cooperativa de mujeres Capulli promueven sanaci\u00f3n en Capul\u00e1lpam<\/p><\/div>\r\n            <\/div>\r\n<\/section>\r\n\r\n\n\n\r\n\r\n<section class=\"block-title-solid\" id=\"block_7af2e2c3297407284cd8f60b1cdf2071\" data-waypoint=\".25\">\r\n    <div class=\"container medium\">\r\n        <div class=\"content\">\r\n            <h2 class=\"title\">G\u00e9rer les dynamiques de pouvoir en dehors de votre territoire\/communaut\u00e9<\/h2> \r\n        <\/div>\r\n    <\/div>\r\n<\/section>\r\n \r\n\n\n\r\n\r\n<section class=\"block-copy-text\" data-waypoint=\".25\">\r\n    <div class=\"container medium\">\r\n                    <div class=\"block-copy-text__content\">\r\n                <div class=\"text\"><p>Il existe \u00e9galement des d\u00e9tenteurs de pouvoir externes qui peuvent aider ou entraver nos id\u00e9es d&rsquo;initiatives de subsistance dans nos territoires ou communaut\u00e9s, comme des voisins, des partenariats avec des individus ou d&rsquo;autres communaut\u00e9s\/entreprises, des associations, des organisations \u00e0 but non lucratif, des petites entreprises, des grandes soci\u00e9t\u00e9s, des gouvernements, etc. Ces relations ou alliances potentielles s&rsquo;accompagnent \u00e9galement de dynamiques de pouvoir.<\/p>\n<p>Pour envisager les opportunit\u00e9s et les dynamiques de pouvoir en jeu dans le cadre d&rsquo;alliances, de partenariats et de collaborations externes potentiels, tenez compte des \u00e9l\u00e9ments suivants :<\/p>\n<ol>\n<li>Identifiez les alli\u00e9s et collaborateurs potentiels auxquels les membres de la communaut\u00e9 ont acc\u00e8s (par exemple : hommes d&rsquo;affaires, fonctionnaires, universitaires, mobilisateurs sociaux, personnes ayant acc\u00e8s \u00e0 d&rsquo;autres r\u00e9seaux).<\/li>\n<li>D\u00e9finissez le type de pouvoir qu&rsquo;ils d\u00e9tiennent.<\/li>\n<li>Analysez si ces collaborateurs potentiels sont en phase avec les objectifs et les valeurs de la communaut\u00e9.<\/li>\n<li>D\u00e9cidez si vous souhaitez conclure des alliances sur la base de ces informations.<\/li>\n<\/ol>\n<p>\ud83d\udcd6Pour en savoir plus sur les outils d\u2019analyse du pouvoir :\u00a0 <a href=\"https:\/\/drive.google.com\/file\/d\/1AmGN69JlgwwoW11zEq-iQhkRXcAt9loS\/view?usp=sharing\">Guide de l&rsquo;analyse du pouvoir dans l&rsquo;organisation communautaire<\/a><\/p>\n<div id=\"gtx-trans\" style=\"position: absolute;left: -25px;top: 302.667px\">\n<div class=\"gtx-trans-icon\"><\/div>\n<\/div>\n<\/div>\r\n            <\/div>\r\n         \r\n    <\/div>\r\n<\/section>\r\n\r\n\n\n\r\n\r\n<section class=\"block-title-solid\" id=\"block_3b1909750a6c06a99fbbd32488377d58\" data-waypoint=\".25\">\r\n    <div class=\"container medium\">\r\n        <div class=\"content\">\r\n            <h2 class=\"title\">Devoirs<\/h2> \r\n        <\/div>\r\n    <\/div>\r\n<\/section>\r\n \r\n\n\n\r\n\r\n<section class=\"block-copy-text\" data-waypoint=\".25\">\r\n    <div class=\"container medium\">\r\n                    <div class=\"block-copy-text__content\">\r\n                <div class=\"text\"><p><em>Les activit\u00e9s suivantes sont celles que vous devez r\u00e9aliser avant la session en direct du module 4.<\/em><br \/>\n<em>Dur\u00e9e approximative : 1 heure.<\/em><\/p>\n<p>&nbsp;<\/p>\n<\/div>\r\n            <\/div>\r\n         \r\n    <\/div>\r\n<\/section>\r\n\r\n\n\n\n\n\n<section class=\"block-homework\" data-waypoint=\".1\">\n    <div class=\"container medium\">\n                                    <div class=\"homework-item\">\n                    <div class=\"title\"><p><a href=\"https:\/\/drive.google.com\/file\/d\/1NKoB0Hyj_om0NIUFshvfpy-kTO8CeGOl\/view?usp=sharing\"><b>Devoirs de groupe (60min)<\/b><\/a><\/p>\n<p>Un exercice de cartographie pour identifier les atouts sociaux et physiques de votre territoire et identifier des id\u00e9es d\u2019initiatives de subsistance.<\/p>\n<p>&nbsp;<\/p>\n<div id=\"gtx-trans\" style=\"position: absolute;left: -12px;top: -9.33333px\">\n<div class=\"gtx-trans-icon\"><\/div>\n<\/div>\n<\/div>\n\n                                    <\/div>\n                \n                     \n    <\/div>\n<\/section>\n\n","protected":false},"excerpt":{"rendered":"","protected":false},"author":1,"featured_media":0,"parent":1246,"menu_order":3,"comment_status":"closed","ping_status":"closed","template":"","meta":{"_acf_changed":false,"footnotes":""},"class_list":["post-866","page","type-page","status-publish","hentry"],"acf":[],"_links":{"self":[{"href":"https:\/\/rrdev.bracketserver.com\/livelihoods\/fr\/wp-json\/wp\/v2\/pages\/866","targetHints":{"allow":["GET"]}}],"collection":[{"href":"https:\/\/rrdev.bracketserver.com\/livelihoods\/fr\/wp-json\/wp\/v2\/pages"}],"about":[{"href":"https:\/\/rrdev.bracketserver.com\/livelihoods\/fr\/wp-json\/wp\/v2\/types\/page"}],"author":[{"embeddable":true,"href":"https:\/\/rrdev.bracketserver.com\/livelihoods\/fr\/wp-json\/wp\/v2\/users\/1"}],"replies":[{"embeddable":true,"href":"https:\/\/rrdev.bracketserver.com\/livelihoods\/fr\/wp-json\/wp\/v2\/comments?post=866"}],"version-history":[{"count":0,"href":"https:\/\/rrdev.bracketserver.com\/livelihoods\/fr\/wp-json\/wp\/v2\/pages\/866\/revisions"}],"up":[{"embeddable":true,"href":"https:\/\/rrdev.bracketserver.com\/livelihoods\/fr\/wp-json\/wp\/v2\/pages\/1246"}],"wp:attachment":[{"href":"https:\/\/rrdev.bracketserver.com\/livelihoods\/fr\/wp-json\/wp\/v2\/media?parent=866"}],"curies":[{"name":"wp","href":"https:\/\/api.w.org\/{rel}","templated":true}]}}