{"id":874,"date":"2024-06-05T22:45:04","date_gmt":"2024-06-05T22:45:04","guid":{"rendered":"https:\/\/rrdev.bracketserver.com\/livelihoods\/module-5-what-are-our-ideas-and-how-can-we-help-each-other-get-there\/"},"modified":"2024-06-13T20:47:07","modified_gmt":"2024-06-13T20:47:07","slug":"module-5-what-are-our-ideas-and-how-can-we-help-each-other-get-there","status":"publish","type":"page","link":"https:\/\/rrdev.bracketserver.com\/livelihoods\/fr\/my-course\/module-5-what-are-our-ideas-and-how-can-we-help-each-other-get-there\/","title":{"rendered":"Module 5: Quelles sont nos id\u00e9es et comment pouvons-nous nous aider mutuellement \u00e0 les concr\u00e9tiser?"},"content":{"rendered":"\r\n<section class=\"hero hero--internal\" data-waypoint=\"0.25\">\r\n  <div class=\"hero__background\"><\/div>\r\n    <div class=\"container medium\">\r\n      <div class=\"hero__content\">\r\n      <div class=\"language-content no-margin\" data-waypoint=\"0.25\">\r\n        <div class=\"container medium\">\r\n            <div class=\"language-content__grid\">\r\n              <ul class=\"header-language\">\r\n                \n<div class=\"wpml-ls-statics-shortcode_actions wpml-ls wpml-ls-legacy-list-horizontal\">\n\t<ul><li class=\"wpml-ls-slot-shortcode_actions wpml-ls-item wpml-ls-item-en wpml-ls-first-item wpml-ls-item-legacy-list-horizontal\">\n\t\t\t\t<a href=\"https:\/\/rrdev.bracketserver.com\/livelihoods\/\" class=\"wpml-ls-link\">\n                    <span class=\"wpml-ls-display\">EN<\/span><\/a>\n\t\t\t<\/li><li class=\"wpml-ls-slot-shortcode_actions wpml-ls-item wpml-ls-item-fr wpml-ls-current-language wpml-ls-item-legacy-list-horizontal\">\n\t\t\t\t<a href=\"https:\/\/rrdev.bracketserver.com\/livelihoods\/fr\/\" class=\"wpml-ls-link\">\n                    <span class=\"wpml-ls-native\">FR<\/span><\/a>\n\t\t\t<\/li><li class=\"wpml-ls-slot-shortcode_actions wpml-ls-item wpml-ls-item-es wpml-ls-item-legacy-list-horizontal\">\n\t\t\t\t<a href=\"https:\/\/rrdev.bracketserver.com\/livelihoods\/es\/\" class=\"wpml-ls-link\">\n                    <span class=\"wpml-ls-display\">ES<\/span><\/a>\n\t\t\t<\/li><li class=\"wpml-ls-slot-shortcode_actions wpml-ls-item wpml-ls-item-ne wpml-ls-last-item wpml-ls-item-legacy-list-horizontal\">\n\t\t\t\t<a href=\"https:\/\/rrdev.bracketserver.com\/livelihoods\/ne\/\" class=\"wpml-ls-link\">\n                    <span class=\"wpml-ls-display\">NP<\/span><\/a>\n\t\t\t<\/li><\/ul>\n<\/div>\n              <\/ul>\r\n            <\/div>\r\n        <\/div>\r\n      <\/div>\r\n\r\n        <div class=\"hero__data\">\r\n            <h1 class=\"hero__title\"><p><b>Module 5: <\/b><span style=\"font-weight: 400\">Quelles sont nos id\u00e9es et comment pouvons-nous nous aider mutuellement \u00e0 les concr\u00e9tiser?<\/span><\/p>\n<\/h1> \r\n        <\/div>\r\n        \r\n            \r\n              <div class=\"block__buttons-content\">\r\n                                            <a class=\"button button-solid-green\" href=\"https:\/\/rrdev.bracketserver.com\/livelihoods\/wp-content\/uploads\/2024\/06\/Module-5_-Quelles-sont-nos-idees-et-comment-pouvons-nous-nous-aider-mutuellement-a-les-concretiser_.pdf\" target=\"_blank\" download>\r\n        T\u00e9l\u00e9charger le module        <\/a>\r\n                                                    <a class=\"button button-solid-blue\" href=\"https:\/\/rrdev.bracketserver.com\/livelihoods\/wp-content\/uploads\/2024\/06\/Livelihoods-Live-Sessions-Date_Times-Slide.pptx.pdf\" target=\"_blank\" download>\r\n        Session en direct        <\/a>\r\n                                      <\/div>\r\n            \r\n      <\/div>\r\n    <\/div> \r\n<\/section>\r\n\r\n\n\n\n<section class=\"block-text-cover\" data-waypoint=\".25\"> \n  <div class=\"block-text-cover__background\">\n    <div class=\"container medium\">\n      <div class=\"content\">\n        <div class=\"data\">\n            <h3 class=\"title\">Introduction<\/h3> \n            <div class=\"text\"><p>Dans notre dernier module, vous partagerez vos id\u00e9es pour une initiative dans votre communaut\u00e9, d\u00e9velopp\u00e9e durant les sessions pr\u00e9c\u00e9dentes et les devoirs, avec d&rsquo;autres participants au cours afin de recevoir un feedback constructif. Cette session est con\u00e7ue pour vous aider \u00e0 affiner vos comp\u00e9tences de pr\u00e9sentation en r\u00e9sumant succinctement les concepts cl\u00e9s de votre id\u00e9e, tout en apprenant des pr\u00e9sentations et des id\u00e9es novatrices de vos pairs.<\/p>\n<p>Notre objectif est que chacun quitte cette session avec des id\u00e9es d&rsquo;initiatives valid\u00e9es et am\u00e9lior\u00e9es. De plus amples informations sur cette session seront communiqu\u00e9es pendant le cours. Il n&rsquo;est pas n\u00e9cessaire d&rsquo;avoir d\u00e9j\u00e0 travaill\u00e9 ou d&rsquo;avoir des id\u00e9es avant de s&rsquo;inscrire \u00e0 la communaut\u00e9 d&rsquo;apprentissage. La pr\u00e9sentation sera travaill\u00e9e chaque semaine dans le cadre des devoirs de chaque module.<\/p>\n<\/div> \n        <\/div>\n      <\/div>\n    <\/div> \n  <\/div>\n<\/section>\n\n","protected":false},"excerpt":{"rendered":"","protected":false},"author":1,"featured_media":0,"parent":1246,"menu_order":5,"comment_status":"closed","ping_status":"closed","template":"","meta":{"_acf_changed":false,"footnotes":""},"class_list":["post-874","page","type-page","status-publish","hentry"],"acf":[],"_links":{"self":[{"href":"https:\/\/rrdev.bracketserver.com\/livelihoods\/fr\/wp-json\/wp\/v2\/pages\/874","targetHints":{"allow":["GET"]}}],"collection":[{"href":"https:\/\/rrdev.bracketserver.com\/livelihoods\/fr\/wp-json\/wp\/v2\/pages"}],"about":[{"href":"https:\/\/rrdev.bracketserver.com\/livelihoods\/fr\/wp-json\/wp\/v2\/types\/page"}],"author":[{"embeddable":true,"href":"https:\/\/rrdev.bracketserver.com\/livelihoods\/fr\/wp-json\/wp\/v2\/users\/1"}],"replies":[{"embeddable":true,"href":"https:\/\/rrdev.bracketserver.com\/livelihoods\/fr\/wp-json\/wp\/v2\/comments?post=874"}],"version-history":[{"count":0,"href":"https:\/\/rrdev.bracketserver.com\/livelihoods\/fr\/wp-json\/wp\/v2\/pages\/874\/revisions"}],"up":[{"embeddable":true,"href":"https:\/\/rrdev.bracketserver.com\/livelihoods\/fr\/wp-json\/wp\/v2\/pages\/1246"}],"wp:attachment":[{"href":"https:\/\/rrdev.bracketserver.com\/livelihoods\/fr\/wp-json\/wp\/v2\/media?parent=874"}],"curies":[{"name":"wp","href":"https:\/\/api.w.org\/{rel}","templated":true}]}}